{"id":19064,"date":"2026-03-10T08:57:11","date_gmt":"2026-03-10T07:57:11","guid":{"rendered":"https:\/\/www.maderasmenur.com\/contatto\/"},"modified":"2026-03-13T20:16:18","modified_gmt":"2026-03-13T19:16:18","slug":"contatto","status":"publish","type":"page","link":"https:\/\/www.maderasmenur.com\/it\/contatto\/","title":{"rendered":"Contatto"},"content":{"rendered":"<div id='full_slider_1'  class='avia-fullwidth-slider main_color avia-shadow   avia-builder-el-0  el_before_av_section  avia-builder-el-first   container_wrap sidebar_right'  ><div  class='avia-slideshow av-k3o5cptl-6868c17d193cf71faa3e255e634e18d9 avia-slideshow-featured av_slideshow_full avia-slide_up-slider av-slideshow-ui av-control-default av-slideshow-manual av-loop-once av-loop-manual-endless av-default-height-applied   avia-slideshow-1' data-slideshow-options=\"{&quot;animation&quot;:&quot;slide_up&quot;,&quot;autoplay&quot;:false,&quot;loop_autoplay&quot;:&quot;once&quot;,&quot;interval&quot;:1,&quot;loop_manual&quot;:&quot;manual-endless&quot;,&quot;autoplay_stopper&quot;:false,&quot;noNavigation&quot;:false,&quot;bg_slider&quot;:false,&quot;keep_padding&quot;:false,&quot;hoverpause&quot;:false,&quot;show_slide_delay&quot;:0}\"  itemprop=\"image\" itemscope=\"itemscope\" itemtype=\"https:\/\/schema.org\/ImageObject\" ><ul class='avia-slideshow-inner ' style='padding-bottom: 28.666666666667%;'><li  class='avia-slideshow-slide av-k3o5cptl-6868c17d193cf71faa3e255e634e18d9__0  av-single-slide slide-1 slide-odd'><div data-rel='slideshow-1' class='avia-slide-wrap '   ><img decoding=\"async\" fetchpriority=\"high\" class=\"wp-image-14568 avia-img-lazy-loading-not-14568\"  src=\"https:\/\/www.maderasmenur.com\/wp-content\/uploads\/contacto-imagen-1500x430.jpg\" width=\"1500\" height=\"430\" title='contacto-imagen' alt=''  itemprop=\"thumbnailUrl\"  style='min-height:400px; min-width:1396px; ' \/><\/div><\/li><\/ul><\/div><\/div>\n\n<style type=\"text\/css\" data-created_by=\"avia_inline_auto\" id=\"style-css-av-6tq95je-89c86a640ba22d734ac4648cb5040a42\">\n.avia-section.av-6tq95je-89c86a640ba22d734ac4648cb5040a42{\nbackground-color:#ffffff;\nbackground-image:unset;\n}\n<\/style>\n<div id='av_section_1'  class='avia-section av-6tq95je-89c86a640ba22d734ac4648cb5040a42 main_color avia-section-default avia-no-border-styling  avia-builder-el-1  el_after_av_slideshow_full  avia-builder-el-last  avia-bg-style-scroll container_wrap sidebar_right'  ><div class='container av-section-cont-open' ><div class='template-page content  av-content-small alpha units'><div class='post-entry post-entry-type-page post-entry-19064'><div class='entry-content-wrapper clearfix'>\n\n<style type=\"text\/css\" data-created_by=\"avia_inline_auto\" id=\"style-css-av-4f8v3u2-b47aa5d816bd7b226f74d87944d45f02\">\n.flex_column.av-4f8v3u2-b47aa5d816bd7b226f74d87944d45f02{\nborder-radius:0px 0px 0px 0px;\npadding:0px 0px 0px 0px;\n}\n<\/style>\n<div  class='flex_column av-4f8v3u2-b47aa5d816bd7b226f74d87944d45f02 av_one_half  avia-builder-el-2  el_before_av_one_half  avia-builder-el-first  first flex_column_div av-zero-column-padding  '     ><style type=\"text\/css\" data-created_by=\"avia_inline_auto\" id=\"style-css-av-k3o4u95o-83a439b2335f74db1c3f5976642c56e3\">\n#top .av_textblock_section.av-k3o4u95o-83a439b2335f74db1c3f5976642c56e3 .avia_textblock{\nfont-size:20px;\n}\n<\/style>\n<section  class='av_textblock_section av-k3o4u95o-83a439b2335f74db1c3f5976642c56e3 '   itemscope=\"itemscope\" itemtype=\"https:\/\/schema.org\/CreativeWork\" ><div class='avia_textblock'  itemprop=\"text\" ><h1>Contatto<\/h1>\n<\/div><\/section><br \/>\n\n<style type=\"text\/css\" data-created_by=\"avia_inline_auto\" id=\"style-css-av-k3o4u95o-44a40a57dea6f45a1834d37e79867b0c\">\n#top .av_textblock_section.av-k3o4u95o-44a40a57dea6f45a1834d37e79867b0c .avia_textblock{\nfont-size:16px;\ncolor:#0a0a0a;\n}\n<\/style>\n<section  class='av_textblock_section av-k3o4u95o-44a40a57dea6f45a1834d37e79867b0c '   itemscope=\"itemscope\" itemtype=\"https:\/\/schema.org\/CreativeWork\" ><div class='avia_textblock av_inherit_color'  itemprop=\"text\" ><p>Dinos en qu\u00e9 te podemos ayudar<\/p>\n<\/div><\/section><br \/>\n\n<style type=\"text\/css\" data-created_by=\"avia_inline_auto\" id=\"style-css-av-k3o4wb8n-d1bcb8a2cce00fb1666ae0886ba47ab0\">\n#top .hr.av-k3o4wb8n-d1bcb8a2cce00fb1666ae0886ba47ab0{\nmargin-top:5px;\nmargin-bottom:5px;\n}\n.hr.av-k3o4wb8n-d1bcb8a2cce00fb1666ae0886ba47ab0 .hr-inner{\nwidth:70%;\n}\n<\/style>\n<div  class='hr av-k3o4wb8n-d1bcb8a2cce00fb1666ae0886ba47ab0 hr-custom  avia-builder-el-5  el_after_av_textblock  el_before_av_textblock  hr-left hr-icon-no'><span class='hr-inner inner-border-av-border-thin'><span class=\"hr-inner-style\"><\/span><\/span><\/div><br \/>\n<section  class='av_textblock_section av-k35yevrk-3c491ff456a9704c233151e344819d2c '   itemscope=\"itemscope\" itemtype=\"https:\/\/schema.org\/CreativeWork\" ><div class='avia_textblock'  itemprop=\"text\" ><p class=\"wpcf7-contact-form-not-found\"><strong>Errore:<\/strong> Modulo di contatto non trovato.<\/p>\n<\/div><\/section><\/p><\/div>\n<style type=\"text\/css\" data-created_by=\"avia_inline_auto\" id=\"style-css-av-r9yhoi-4f34b59f8069e21406918d29926beec5\">\n.flex_column.av-r9yhoi-4f34b59f8069e21406918d29926beec5{\nborder-radius:0px 0px 0px 0px;\npadding:0px 0px 0px 0px;\n}\n<\/style>\n<div  class='flex_column av-r9yhoi-4f34b59f8069e21406918d29926beec5 av_one_half  avia-builder-el-7  el_after_av_one_half  el_before_av_hr  flex_column_div av-zero-column-padding  '     ><style type=\"text\/css\" data-created_by=\"avia_inline_auto\" id=\"style-css-av-k35zaaw0-b20c6735b1dd056ab001b47aa8f284c7\">\n#top .av_textblock_section.av-k35zaaw0-b20c6735b1dd056ab001b47aa8f284c7 .avia_textblock{\ncolor:#0a0a0a;\n}\n<\/style>\n<section  class='av_textblock_section av-k35zaaw0-b20c6735b1dd056ab001b47aa8f284c7 '   itemscope=\"itemscope\" itemtype=\"https:\/\/schema.org\/CreativeWork\" ><div class='avia_textblock av_inherit_color'  itemprop=\"text\" ><p style=\"text-align: left;\"><strong>Preg\u00fantanos!<\/strong><\/p>\n<p style=\"text-align: left;\">Estamos aqu\u00ed para echarte una mano, dinos en qu\u00e9 podemos ayudarte y uno de nostri agentes se pondr\u00e1 en contacto contigo<\/p>\n<\/div><\/section><br \/>\n\n<style type=\"text\/css\" data-created_by=\"avia_inline_auto\" id=\"style-css-av-k35zasai-eaacd790176f0940445262180eda8733\">\n#top .av_textblock_section.av-k35zasai-eaacd790176f0940445262180eda8733 .avia_textblock{\ncolor:#0a0a0a;\n}\n<\/style>\n<section  class='av_textblock_section av-k35zasai-eaacd790176f0940445262180eda8733 '   itemscope=\"itemscope\" itemtype=\"https:\/\/schema.org\/CreativeWork\" ><div class='avia_textblock av_inherit_color'  itemprop=\"text\" ><p style=\"text-align: left;\"><strong>\u00bfPrefieres hacerlo por tel\u00e9fono? <\/strong><\/p>\n<p style=\"text-align: left;\">Responderemos a tus dudas en el:<\/p>\n<p style=\"text-align: left;\"><strong>952 45 59 20<\/strong><\/p>\n<p style=\"text-align: left;\">Estamos disponibles de lunes a Viernes de 7:30 a 16:00h en jornada continua.<\/p>\n<\/div><\/section><br \/>\n\n<style type=\"text\/css\" data-created_by=\"avia_inline_auto\" id=\"style-css-av-k3of2ogn-58ac2d06b4e054f666bccf32cf8409ae\">\n#top .hr.hr-invisible.av-k3of2ogn-58ac2d06b4e054f666bccf32cf8409ae{\nheight:50PXpx;\n}\n<\/style>\n<div  class='hr av-k3of2ogn-58ac2d06b4e054f666bccf32cf8409ae hr-invisible  avia-builder-el-10  el_after_av_textblock  el_before_av_textblock '><span class='hr-inner '><span class=\"hr-inner-style\"><\/span><\/span><\/div><br \/>\n<section  class='av_textblock_section av-k35pjhdn-4d859e6a41aa79face22e62ea3661043 '   itemscope=\"itemscope\" itemtype=\"https:\/\/schema.org\/CreativeWork\" ><div class='avia_textblock'  itemprop=\"text\" ><p style=\"text-align: center;\"><iframe loading=\"lazy\" style=\"border: 0;\" src=\"https:\/\/www.google.com\/maps\/embed?pb=!1m18!1m12!1m3!1d2812.7415392391486!2d-4.7464703561209785!3d36.66952071789378!2m3!1f0!2f0!3f0!3m2!1i1024!2i768!4f13.1!3m3!1m2!1s0xd72dd1fdfaf2dc3%3A0xaba18485e5b056ae!2sLegnos+Menur!5e1!3m2!1ses!2ses!4v1475663913509\" width=\"800\" height=\"600\" frameborder=\"0\" allowfullscreen=\"allowfullscreen\"><\/iframe><\/p>\n<\/div><\/section><\/p><\/div><div  class='hr av-k3o4yddc-26850df677adba2829cfa0706afb933a hr-default  avia-builder-el-12  el_after_av_one_half  avia-builder-el-last '><span class='hr-inner '><span class=\"hr-inner-style\"><\/span><\/span><\/div>\n<\/div><\/div><\/div><!-- close content main div --><\/div><\/div><div id='after_section_1'  class='main_color av_default_container_wrap container_wrap sidebar_right'  ><div class='container av-section-cont-open' ><div class='template-page content  av-content-small alpha units'><div class='post-entry post-entry-type-page post-entry-19064'><div class='entry-content-wrapper clearfix'>\n","protected":false},"excerpt":{"rendered":"","protected":false},"author":0,"featured_media":0,"parent":0,"menu_order":0,"comment_status":"closed","ping_status":"closed","template":"","meta":{"footnotes":""},"class_list":["post-19064","page","type-page","status-publish","hentry"],"_links":{"self":[{"href":"https:\/\/www.maderasmenur.com\/it\/wp-json\/wp\/v2\/pages\/19064","targetHints":{"allow":["GET"]}}],"collection":[{"href":"https:\/\/www.maderasmenur.com\/it\/wp-json\/wp\/v2\/pages"}],"about":[{"href":"https:\/\/www.maderasmenur.com\/it\/wp-json\/wp\/v2\/types\/page"}],"replies":[{"embeddable":true,"href":"https:\/\/www.maderasmenur.com\/it\/wp-json\/wp\/v2\/comments?post=19064"}],"version-history":[{"count":2,"href":"https:\/\/www.maderasmenur.com\/it\/wp-json\/wp\/v2\/pages\/19064\/revisions"}],"predecessor-version":[{"id":19353,"href":"https:\/\/www.maderasmenur.com\/it\/wp-json\/wp\/v2\/pages\/19064\/revisions\/19353"}],"wp:attachment":[{"href":"https:\/\/www.maderasmenur.com\/it\/wp-json\/wp\/v2\/media?parent=19064"}],"curies":[{"name":"wp","href":"https:\/\/api.w.org\/{rel}","templated":true}]}}