{"id":19098,"date":"2026-03-10T09:01:07","date_gmt":"2026-03-10T08:01:07","guid":{"rendered":"https:\/\/www.maderasmenur.com\/modello-calpe\/"},"modified":"2026-03-12T20:28:11","modified_gmt":"2026-03-12T19:28:11","slug":"modello-calpe-2","status":"publish","type":"page","link":"https:\/\/www.maderasmenur.com\/it\/modello-calpe-2\/","title":{"rendered":"Modello Calpe"},"content":{"rendered":"<div id='av-layout-grid-1'  class='av-layout-grid-container av-jtq1gq78-3288a894c30d24bad094e158633ff0da entry-content-wrapper main_color av-fixed-cells  avia-builder-el-0  el_before_av_section  avia-builder-el-first   container_wrap sidebar_right'  >\n\n<style type=\"text\/css\" data-created_by=\"avia_inline_auto\" id=\"style-css-av-jtq1h9kq-35393aac9eb8de4973592be2454d64a4\">\n.flex_cell.av-jtq1h9kq-35393aac9eb8de4973592be2454d64a4{\nvertical-align:top;\nheight:20px;\nmin-height:20px;\nbackground-color:#0059a3;\n}\n.responsive #top #wrap_all .flex_cell.av-jtq1h9kq-35393aac9eb8de4973592be2454d64a4{\npadding:0px 0px 0px 0px !important;\n}\n<\/style>\n<div class='flex_cell av-jtq1h9kq-35393aac9eb8de4973592be2454d64a4 av-gridrow-cell av_one_fifth no_margin  avia-builder-el-1  el_before_av_cell_three_fifth  avia-builder-el-first  av-zero-padding'  ><div class='flex_cell_inner'><\/div><\/div>\n<style type=\"text\/css\" data-created_by=\"avia_inline_auto\" id=\"style-css-av-jtq1hu63-1171983912132d948c85eb7d1ee9fbf7\">\n.flex_cell.av-jtq1hu63-1171983912132d948c85eb7d1ee9fbf7{\nvertical-align:top;\nheight:20px;\nmin-height:20px;\nbackground-color:#0169b2;\n}\n.responsive #top #wrap_all .flex_cell.av-jtq1hu63-1171983912132d948c85eb7d1ee9fbf7{\npadding:0px 0px 0px 0px !important;\n}\n<\/style>\n<div class='flex_cell av-jtq1hu63-1171983912132d948c85eb7d1ee9fbf7 av-gridrow-cell av_three_fifth no_margin  avia-builder-el-2  el_after_av_cell_one_fifth  el_before_av_cell_one_fifth  av-zero-padding'  ><div class='flex_cell_inner'>\n<style type=\"text\/css\" data-created_by=\"avia_inline_auto\" id=\"style-css-av-k3smqodd-afe36a5dcb782faf882a4f5b3a87d4ec\">\n#top .av-special-heading.av-k3smqodd-afe36a5dcb782faf882a4f5b3a87d4ec{\npadding-bottom:10px;\ncolor:#ffffff;\n}\nbody .av-special-heading.av-k3smqodd-afe36a5dcb782faf882a4f5b3a87d4ec .av-special-heading-tag .heading-char{\nfont-size:25px;\n}\n.av-special-heading.av-k3smqodd-afe36a5dcb782faf882a4f5b3a87d4ec .special-heading-inner-border{\nborder-color:#ffffff;\n}\n.av-special-heading.av-k3smqodd-afe36a5dcb782faf882a4f5b3a87d4ec .av-subheading{\nfont-size:15px;\n}\n<\/style>\n<div  class='av-special-heading av-k3smqodd-afe36a5dcb782faf882a4f5b3a87d4ec av-special-heading-h1 custom-color-heading blockquote modern-quote modern-centered  avia-builder-el-3  avia-builder-el-no-sibling '><h1 class='av-special-heading-tag '  itemprop=\"headline\"  >MODELO CALPE<\/h1><div class=\"special-heading-border\"><div class=\"special-heading-inner-border\"><\/div><\/div><\/div>\n<\/div><\/div>\n<style type=\"text\/css\" data-created_by=\"avia_inline_auto\" id=\"style-css-av-jtq1icbd-bd148ff8ed7d5821c1fb0b082fde52bd\">\n.flex_cell.av-jtq1icbd-bd148ff8ed7d5821c1fb0b082fde52bd{\nvertical-align:top;\nheight:20px;\nmin-height:20px;\nbackground-color:#2778b2;\n}\n.responsive #top #wrap_all .flex_cell.av-jtq1icbd-bd148ff8ed7d5821c1fb0b082fde52bd{\npadding:0px 0px 0px 0px !important;\n}\n<\/style>\n<div class='flex_cell av-jtq1icbd-bd148ff8ed7d5821c1fb0b082fde52bd av-gridrow-cell av_one_fifth no_margin  avia-builder-el-4  el_after_av_cell_three_fifth  avia-builder-el-last  av-zero-padding'  ><div class='flex_cell_inner'><\/div><\/div>\n<\/div>\n<div id='av_section_1'  class='avia-section av-6tq95je-2b2846be2880454342ad386e4a6b3bcf main_color avia-section-default avia-no-border-styling  avia-builder-el-5  el_after_av_layout_row  el_before_av_section  avia-bg-style-scroll container_wrap sidebar_right'  ><div class='container av-section-cont-open' ><div class='template-page content  av-content-small alpha units'><div class='post-entry post-entry-type-page post-entry-19098'><div class='entry-content-wrapper clearfix'>\n\n<style type=\"text\/css\" data-created_by=\"avia_inline_auto\" id=\"style-css-av-650xz8q-2b7bc576d62a471f4535ca51d84b9abc\">\n.flex_column.av-650xz8q-2b7bc576d62a471f4535ca51d84b9abc{\nborder-radius:0px 0px 0px 0px;\npadding:0px 0px 0px 0px;\n}\n<\/style>\n<div  class='flex_column av-650xz8q-2b7bc576d62a471f4535ca51d84b9abc av_one_half  avia-builder-el-6  el_before_av_one_half  avia-builder-el-first  first flex_column_div av-zero-column-padding  '     ><section  class='av_textblock_section av-jtptksx3-8b8a18081c198300369a31fa9035aefd '   itemscope=\"itemscope\" itemtype=\"https:\/\/schema.org\/CreativeWork\" ><div class='avia_textblock'  itemprop=\"text\" ><h3 class=\"av-special-heading-tag \"><\/h3>\n<p><strong>Fabricaci\u00f3n:<\/strong><br \/>\nLas p\u00e9rgolas y cubiertas se fabrican con la intenci\u00f3n de que sean de f\u00e1cil montaje y desmontaje, gracias al sistema \u201ccola milano\u201d el cual posee como caracter\u00edstica principal la no necesidad de herrajes para su colocaci\u00f3n.<\/p>\n<p><strong>Estructura:<\/strong><br \/>\nDichas estructuras destinadas a dar sombra y al resguardo en condiciones climatol\u00f3gicas adversas, ofrecen un dise\u00f1o atractivo, funcional y sobre todo seguro.<\/p>\n<p><strong>Sistema de contrucci\u00f3n:<\/strong><br \/>\nEl sistema constructivo utilizado, se compone de un conjunto de piezas de legno laminada de pino silvestre, con secciones suficientes para ofrecer todas las garant\u00edas a la estructura.<\/p>\n<p style=\"text-align: justify;\">\n<\/div><\/section><\/div>\n<style type=\"text\/css\" data-created_by=\"avia_inline_auto\" id=\"style-css-av-5sveiru-476f21ddd56d8edc084d7a1648edc229\">\n.flex_column.av-5sveiru-476f21ddd56d8edc084d7a1648edc229{\nborder-radius:0px 0px 0px 0px;\npadding:0px 0px 0px 0px;\n}\n<\/style>\n<div  class='flex_column av-5sveiru-476f21ddd56d8edc084d7a1648edc229 av_one_half  avia-builder-el-8  el_after_av_one_half  avia-builder-el-last  flex_column_div av-zero-column-padding  '     ><style type=\"text\/css\" data-created_by=\"avia_inline_auto\" id=\"style-css-av-jxvpw27r-9ff1beae6d7965e41023ac860576fd53\">\n.avia-image-container.av-jxvpw27r-9ff1beae6d7965e41023ac860576fd53 img.avia_image{\nbox-shadow:none;\n}\n.avia-image-container.av-jxvpw27r-9ff1beae6d7965e41023ac860576fd53 .av-image-caption-overlay-center{\ncolor:#ffffff;\n}\n<\/style>\n<div  class='avia-image-container av-jxvpw27r-9ff1beae6d7965e41023ac860576fd53 av-styling- avia-align-center  avia-builder-el-9  avia-builder-el-no-sibling '   itemprop=\"image\" itemscope=\"itemscope\" itemtype=\"https:\/\/schema.org\/ImageObject\" ><div class=\"avia-image-container-inner\"><div class=\"avia-image-overlay-wrap\"><img decoding=\"async\" fetchpriority=\"high\" class='wp-image-12054 avia-img-lazy-loading-not-12054 avia_image ' src=\"https:\/\/www.maderasmenur.com\/wp-content\/uploads\/PERGOLA-MADERA-MODELO-CALPE-1.jpg\" alt='' title='PERGOLA-MADERA-MODELO-CALPE'  height=\"387\" width=\"600\"  itemprop=\"thumbnailUrl\" srcset=\"https:\/\/www.maderasmenur.com\/wp-content\/uploads\/PERGOLA-MADERA-MODELO-CALPE-1.jpg 600w, https:\/\/www.maderasmenur.com\/wp-content\/uploads\/PERGOLA-MADERA-MODELO-CALPE-300x194-1.jpg 300w, https:\/\/www.maderasmenur.com\/wp-content\/uploads\/PERGOLA-MADERA-MODELO-CALPE-450x290-1.jpg 450w\" sizes=\"(max-width: 600px) 100vw, 600px\" \/><\/div><\/div><\/div><\/div>\n\n<\/div><\/div><\/div><!-- close content main div --><\/div><\/div>\n<style type=\"text\/css\" data-created_by=\"avia_inline_auto\" id=\"style-css-av-6tq95je-fa78c535cd1c77f3302fc88796e649cd\">\n.avia-section.av-6tq95je-fa78c535cd1c77f3302fc88796e649cd{\nbackground-color:#020202;\nbackground-image:unset;\n}\n<\/style>\n<div id='av_section_2'  class='avia-section av-6tq95je-fa78c535cd1c77f3302fc88796e649cd main_color avia-section-default avia-no-border-styling  avia-builder-el-10  el_after_av_section  el_before_av_layout_row  avia-bg-style-scroll container_wrap sidebar_right'  ><div class='container av-section-cont-open' ><div class='template-page content  av-content-small alpha units'><div class='post-entry post-entry-type-page post-entry-19098'><div class='entry-content-wrapper clearfix'>\n\n<style type=\"text\/css\" data-created_by=\"avia_inline_auto\" id=\"style-css-av-5sveiru-f84f472e3693a0b0dfe0fedb0bcf90f9\">\n.flex_column.av-5sveiru-f84f472e3693a0b0dfe0fedb0bcf90f9{\nborder-radius:0px 0px 0px 0px;\npadding:0px 0px 0px 0px;\n}\n<\/style>\n<div  class='flex_column av-5sveiru-f84f472e3693a0b0dfe0fedb0bcf90f9 av_one_half  avia-builder-el-11  el_before_av_one_half  avia-builder-el-first  first flex_column_div av-zero-column-padding  '     ><style type=\"text\/css\" data-created_by=\"avia_inline_auto\" id=\"style-css-av-jtq1m9bs-c439a727fc09d7d7b432bafe49e5143d\">\n.avia-image-container.av-jtq1m9bs-c439a727fc09d7d7b432bafe49e5143d img.avia_image{\nbox-shadow:none;\n}\n.avia-image-container.av-jtq1m9bs-c439a727fc09d7d7b432bafe49e5143d .av-image-caption-overlay-center{\ncolor:#ffffff;\n}\n<\/style>\n<div  class='avia-image-container av-jtq1m9bs-c439a727fc09d7d7b432bafe49e5143d av-styling- avia-align-center  avia-builder-el-12  avia-builder-el-no-sibling '   itemprop=\"image\" itemscope=\"itemscope\" itemtype=\"https:\/\/schema.org\/ImageObject\" ><div class=\"avia-image-container-inner\"><div class=\"avia-image-overlay-wrap\"><img decoding=\"async\" fetchpriority=\"high\" class='wp-image-12042 avia-img-lazy-loading-not-12042 avia_image ' src=\"https:\/\/www.maderasmenur.com\/wp-content\/uploads\/PERGOLA-MADERA-MODELO-CALPE-DD-1.jpg\" alt='' title='PERGOLA-MADERA-MODELO-CALPE-DD'  height=\"387\" width=\"600\"  itemprop=\"thumbnailUrl\"  \/><\/div><\/div><\/div><\/div>\n<style type=\"text\/css\" data-created_by=\"avia_inline_auto\" id=\"style-css-av-650xz8q-47064b6998fb0484dd14b7bfd0555ad9\">\n.flex_column.av-650xz8q-47064b6998fb0484dd14b7bfd0555ad9{\nborder-radius:0px 0px 0px 0px;\npadding:0px 0px 0px 0px;\n}\n<\/style>\n<div  class='flex_column av-650xz8q-47064b6998fb0484dd14b7bfd0555ad9 av_one_half  avia-builder-el-13  el_after_av_one_half  avia-builder-el-last  flex_column_div av-zero-column-padding  '     ><section  class='av_textblock_section av-jtptksx3-8b8a18081c198300369a31fa9035aefd '   itemscope=\"itemscope\" itemtype=\"https:\/\/schema.org\/CreativeWork\" ><div class='avia_textblock'  itemprop=\"text\" ><p><span style=\"color: #ffffff;\"><strong>Dise\u00f1o:<\/strong><\/span><\/p>\n<p style=\"text-align: justify;\"><span style=\"color: #ffffff;\">Las p\u00e9rgolas y cubiertas est\u00e1n dise\u00f1adas su misura, permitiendo su installazione en m\u00faltiples localizaciones y escuadr\u00edas.<\/span><\/p>\n<p><span style=\"color: #ffffff;\"><strong>Installazione:<\/strong><\/span><\/p>\n<p style=\"text-align: justify;\"><span style=\"color: #ffffff;\">Como terminaci\u00f3n de la zona superior de la cubierta, se puede utilizar lona de alta resistencia al fuego -Clasificaci\u00f3n M2 \u2013 con propiedades ultravioletas, la cual aportara\u00a0 una\u00a0 soluci\u00f3n\u00a0 ideal,\u00a0 de\u00a0 f\u00e1cil\u00a0 montaje,\u00a0 desmontaje\u00a0 y\u00a0 almacenamiento.<\/span><\/p>\n<p><span style=\"color: #ffffff;\"><strong>Materiales:<\/strong><\/span><\/p>\n<p style=\"text-align: justify;\"><span style=\"color: #ffffff;\">Adem\u00e1s\u00a0 se puede realizar techos r\u00edgidos, con tablero marino y t\u00e9gola (manta asf\u00e1ltica) imitaci\u00f3n a pizarra.<\/span><\/p>\n<p style=\"text-align: justify;\"><span style=\"color: #ffffff;\">En estas instalaciones se contempla la opci\u00f3n de colocar toldos laterales enrollables donde se necesiten, para completar el cerramiento de la misma<\/span><\/p>\n<p style=\"text-align: justify;\">\n<\/div><\/section><\/div><\/div><\/div><\/div><!-- close content main div --><\/div><\/div><div id='av-layout-grid-2'  class='av-layout-grid-container av-jtq1gq78-072a7b9d57fdbaf68bd6b60f06811b09 entry-content-wrapper main_color av-fixed-cells  avia-builder-el-15  el_after_av_section  el_before_av_horizontal_gallery  grid-row-not-first  container_wrap sidebar_right'  >\n\n<style type=\"text\/css\" data-created_by=\"avia_inline_auto\" id=\"style-css-av-jtq1h9kq-35393aac9eb8de4973592be2454d64a4\">\n.flex_cell.av-jtq1h9kq-35393aac9eb8de4973592be2454d64a4{\nvertical-align:top;\nheight:10px;\nmin-height:10px;\nbackground-color:#0059a3;\n}\n.responsive #top #wrap_all .flex_cell.av-jtq1h9kq-35393aac9eb8de4973592be2454d64a4{\npadding:0px 0px 0px 0px !important;\n}\n<\/style>\n<div class='flex_cell av-jtq1h9kq-35393aac9eb8de4973592be2454d64a4 av-gridrow-cell av_one_fifth no_margin  avia-builder-el-16  el_before_av_cell_three_fifth  avia-builder-el-first  av-zero-padding'  ><div class='flex_cell_inner'><\/div><\/div>\n<style type=\"text\/css\" data-created_by=\"avia_inline_auto\" id=\"style-css-av-jtq1hu63-1171983912132d948c85eb7d1ee9fbf7\">\n.flex_cell.av-jtq1hu63-1171983912132d948c85eb7d1ee9fbf7{\nvertical-align:top;\nheight:10px;\nmin-height:10px;\nbackground-color:#0169b2;\n}\n.responsive #top #wrap_all .flex_cell.av-jtq1hu63-1171983912132d948c85eb7d1ee9fbf7{\npadding:0px 0px 0px 0px !important;\n}\n<\/style>\n<div class='flex_cell av-jtq1hu63-1171983912132d948c85eb7d1ee9fbf7 av-gridrow-cell av_three_fifth no_margin  avia-builder-el-17  el_after_av_cell_one_fifth  el_before_av_cell_one_fifth  av-zero-padding'  ><div class='flex_cell_inner'><\/div><\/div>\n<style type=\"text\/css\" data-created_by=\"avia_inline_auto\" id=\"style-css-av-jtq1icbd-bd148ff8ed7d5821c1fb0b082fde52bd\">\n.flex_cell.av-jtq1icbd-bd148ff8ed7d5821c1fb0b082fde52bd{\nvertical-align:top;\nheight:10px;\nmin-height:10px;\nbackground-color:#2778b2;\n}\n.responsive #top #wrap_all .flex_cell.av-jtq1icbd-bd148ff8ed7d5821c1fb0b082fde52bd{\npadding:0px 0px 0px 0px !important;\n}\n<\/style>\n<div class='flex_cell av-jtq1icbd-bd148ff8ed7d5821c1fb0b082fde52bd av-gridrow-cell av_one_fifth no_margin  avia-builder-el-18  el_after_av_cell_three_fifth  avia-builder-el-last  av-zero-padding'  ><div class='flex_cell_inner'><\/div><\/div>\n<\/div><\/p>\n\n<style type=\"text\/css\" data-created_by=\"avia_inline_auto\" id=\"style-css-av-jtpyifou-9e66b14be341597caa8884a15588a37a\">\n.av-horizontal-gallery.av-jtpyifou-9e66b14be341597caa8884a15588a37a{\npadding:3.75% 0px;;\n}\n.av-horizontal-gallery.av-jtpyifou-9e66b14be341597caa8884a15588a37a .av-horizontal-gallery-inner{\npadding-bottom:25%;\n}\n<\/style>\n<div  class='av-horizontal-gallery av-jtpyifou-9e66b14be341597caa8884a15588a37a av-horizontal-gallery-large-gap av-horizontal-gallery-enlarge-effect  avia-builder-el-19  el_after_av_layout_row  avia-builder-el-last  av-slideshow-ui av-control-default av-slideshow-manual av-loop-once av-loop-manual-endless av-horizontal-gallery-1' data-slideshow-data=\"{&quot;enlarge&quot;:1.3,&quot;animation&quot;:&quot;slide&quot;,&quot;autoplay&quot;:false,&quot;loop_autoplay&quot;:&quot;once&quot;,&quot;interval&quot;:5,&quot;loop_manual&quot;:&quot;manual-endless&quot;,&quot;autoplay_stopper&quot;:false,&quot;noNavigation&quot;:false,&quot;bg_slider&quot;:false,&quot;keep_padding&quot;:&quot;&quot;,&quot;hoverpause&quot;:false,&quot;show_slide_delay&quot;:0}\"  itemprop=\"image\" itemscope=\"itemscope\" itemtype=\"https:\/\/schema.org\/ImageObject\" ><div class='avia-slideshow-arrows avia-slideshow-controls' ><a href='#prev' class='prev-slide av-horizontal-gallery-prev' aria-hidden='true' data-av_icon='\ue87c' data-av_iconfont='entypo-fontello'  tabindex='-1'>Prec<\/a><a href='#next' class='next-slide av-horizontal-gallery-next' aria-hidden='true' data-av_icon='\ue87d' data-av_iconfont='entypo-fontello'  tabindex='-1'>Succ<\/a><\/div><div class='avia-slideshow-dots avia-slideshow-controls av-horizontal-gallery-dots fade-in'><a href='#1' class='goto-slide active' >1<\/a><a href='#2' class='goto-slide ' >2<\/a><a href='#3' class='goto-slide ' >3<\/a><a href='#4' class='goto-slide ' >4<\/a><a href='#5' class='goto-slide ' >5<\/a><\/div><div class='av-horizontal-gallery-inner' data-av-height='25'><div class=\"av-horizontal-gallery-slider\"><div class=\"av-horizontal-gallery-wrap noHover\"><img decoding=\"async\" loading=\"lazy\" class='wp-image-12054 avia-img-lazy-loading-12054 av-horizontal-gallery-img' width=\"600\" height=\"387\" src=\"https:\/\/www.maderasmenur.com\/wp-content\/uploads\/PERGOLA-MADERA-MODELO-CALPE-1.jpg\" title='PERGOLA-MADERA-MODELO-CALPE' alt='' srcset=\"https:\/\/www.maderasmenur.com\/wp-content\/uploads\/PERGOLA-MADERA-MODELO-CALPE-1.jpg 600w, https:\/\/www.maderasmenur.com\/wp-content\/uploads\/PERGOLA-MADERA-MODELO-CALPE-300x194-1.jpg 300w, https:\/\/www.maderasmenur.com\/wp-content\/uploads\/PERGOLA-MADERA-MODELO-CALPE-450x290-1.jpg 450w\" sizes=\"auto, (max-width: 600px) 100vw, 600px\" \/><a href=\"https:\/\/www.maderasmenur.com\/wp-content\/uploads\/PERGOLA-MADERA-MODELO-CALPE-1.jpg\" data-srcset=\"https:\/\/www.maderasmenur.com\/wp-content\/uploads\/PERGOLA-MADERA-MODELO-CALPE-1.jpg 600w, https:\/\/www.maderasmenur.com\/wp-content\/uploads\/PERGOLA-MADERA-MODELO-CALPE-300x194-1.jpg 300w, https:\/\/www.maderasmenur.com\/wp-content\/uploads\/PERGOLA-MADERA-MODELO-CALPE-450x290-1.jpg 450w\" data-sizes=\"(max-width: 600px) 100vw, 600px\" class='av-horizontal-gallery-link' aria-hidden='true' data-av_icon='\ue869' data-av_iconfont='entypo-fontello' title='' alt=''><\/a><\/div><div class=\"av-horizontal-gallery-wrap noHover\"><img decoding=\"async\" loading=\"lazy\" class='wp-image-12051 avia-img-lazy-loading-12051 av-horizontal-gallery-img' width=\"600\" height=\"387\" src=\"https:\/\/www.maderasmenur.com\/wp-content\/uploads\/PERGOLA-MADERA-MODELO-CALPE-A-1.jpg\" title='PERGOLA-MADERA-MODELO-CALPE-A' alt='' \/><a href=\"https:\/\/www.maderasmenur.com\/wp-content\/uploads\/PERGOLA-MADERA-MODELO-CALPE-A-1.jpg\" class='av-horizontal-gallery-link' aria-hidden='true' data-av_icon='\ue869' data-av_iconfont='entypo-fontello' title='' alt=''><\/a><\/div><div class=\"av-horizontal-gallery-wrap noHover\"><img decoding=\"async\" loading=\"lazy\" class='wp-image-12048 avia-img-lazy-loading-12048 av-horizontal-gallery-img' width=\"600\" height=\"387\" src=\"https:\/\/www.maderasmenur.com\/wp-content\/uploads\/PERGOLA-MADERA-MODELO-CALPE-B-1.jpg\" title='PERGOLA-MADERA-MODELO-CALPE-B' alt='' \/><a href=\"https:\/\/www.maderasmenur.com\/wp-content\/uploads\/PERGOLA-MADERA-MODELO-CALPE-B-1.jpg\" class='av-horizontal-gallery-link' aria-hidden='true' data-av_icon='\ue869' data-av_iconfont='entypo-fontello' title='' alt=''><\/a><\/div><div class=\"av-horizontal-gallery-wrap noHover\"><img decoding=\"async\" loading=\"lazy\" class='wp-image-12045 avia-img-lazy-loading-12045 av-horizontal-gallery-img' width=\"600\" height=\"387\" src=\"https:\/\/www.maderasmenur.com\/wp-content\/uploads\/PERGOLA-MADERA-MODELO-CALPE-C-1.jpg\" title='PERGOLA-MADERA-MODELO-CALPE-C' alt='' \/><a href=\"https:\/\/www.maderasmenur.com\/wp-content\/uploads\/PERGOLA-MADERA-MODELO-CALPE-C-1.jpg\" class='av-horizontal-gallery-link' aria-hidden='true' data-av_icon='\ue869' data-av_iconfont='entypo-fontello' title='' alt=''><\/a><\/div><div class=\"av-horizontal-gallery-wrap noHover\"><img decoding=\"async\" loading=\"lazy\" class='wp-image-12042 avia-img-lazy-loading-12042 av-horizontal-gallery-img' width=\"600\" height=\"387\" src=\"https:\/\/www.maderasmenur.com\/wp-content\/uploads\/PERGOLA-MADERA-MODELO-CALPE-DD-1.jpg\" title='PERGOLA-MADERA-MODELO-CALPE-DD' alt='' \/><a href=\"https:\/\/www.maderasmenur.com\/wp-content\/uploads\/PERGOLA-MADERA-MODELO-CALPE-DD-1.jpg\" class='av-horizontal-gallery-link' aria-hidden='true' data-av_icon='\ue869' data-av_iconfont='entypo-fontello' title='' alt=''><\/a><\/div><\/div><\/div><\/div>\n","protected":false},"excerpt":{"rendered":"","protected":false},"author":0,"featured_media":0,"parent":0,"menu_order":0,"comment_status":"closed","ping_status":"closed","template":"","meta":{"footnotes":""},"class_list":["post-19098","page","type-page","status-publish","hentry"],"_links":{"self":[{"href":"https:\/\/www.maderasmenur.com\/it\/wp-json\/wp\/v2\/pages\/19098","targetHints":{"allow":["GET"]}}],"collection":[{"href":"https:\/\/www.maderasmenur.com\/it\/wp-json\/wp\/v2\/pages"}],"about":[{"href":"https:\/\/www.maderasmenur.com\/it\/wp-json\/wp\/v2\/types\/page"}],"replies":[{"embeddable":true,"href":"https:\/\/www.maderasmenur.com\/it\/wp-json\/wp\/v2\/comments?post=19098"}],"version-history":[{"count":2,"href":"https:\/\/www.maderasmenur.com\/it\/wp-json\/wp\/v2\/pages\/19098\/revisions"}],"predecessor-version":[{"id":19225,"href":"https:\/\/www.maderasmenur.com\/it\/wp-json\/wp\/v2\/pages\/19098\/revisions\/19225"}],"wp:attachment":[{"href":"https:\/\/www.maderasmenur.com\/it\/wp-json\/wp\/v2\/media?parent=19098"}],"curies":[{"name":"wp","href":"https:\/\/api.w.org\/{rel}","templated":true}]}}