{"id":19102,"date":"2026-03-10T09:01:07","date_gmt":"2026-03-10T08:01:07","guid":{"rendered":"https:\/\/www.maderasmenur.com\/modello-relax\/"},"modified":"2026-03-12T20:28:27","modified_gmt":"2026-03-12T19:28:27","slug":"modello-relax-2","status":"publish","type":"page","link":"https:\/\/www.maderasmenur.com\/it\/modello-relax-2\/","title":{"rendered":"Modello Relax"},"content":{"rendered":"<div id='av-layout-grid-1'  class='av-layout-grid-container av-jtq1gq78-3288a894c30d24bad094e158633ff0da entry-content-wrapper main_color av-fixed-cells  avia-builder-el-0  el_before_av_section  avia-builder-el-first   container_wrap sidebar_right'  >\n\n<style type=\"text\/css\" data-created_by=\"avia_inline_auto\" id=\"style-css-av-jtq1h9kq-35393aac9eb8de4973592be2454d64a4\">\n.flex_cell.av-jtq1h9kq-35393aac9eb8de4973592be2454d64a4{\nvertical-align:top;\nheight:20px;\nmin-height:20px;\nbackground-color:#0059a3;\n}\n.responsive #top #wrap_all .flex_cell.av-jtq1h9kq-35393aac9eb8de4973592be2454d64a4{\npadding:0px 0px 0px 0px !important;\n}\n<\/style>\n<div class='flex_cell av-jtq1h9kq-35393aac9eb8de4973592be2454d64a4 av-gridrow-cell av_one_fifth no_margin  avia-builder-el-1  el_before_av_cell_three_fifth  avia-builder-el-first  av-zero-padding'  ><div class='flex_cell_inner'><\/div><\/div>\n<style type=\"text\/css\" data-created_by=\"avia_inline_auto\" id=\"style-css-av-jtq1hu63-1171983912132d948c85eb7d1ee9fbf7\">\n.flex_cell.av-jtq1hu63-1171983912132d948c85eb7d1ee9fbf7{\nvertical-align:top;\nheight:20px;\nmin-height:20px;\nbackground-color:#0169b2;\n}\n.responsive #top #wrap_all .flex_cell.av-jtq1hu63-1171983912132d948c85eb7d1ee9fbf7{\npadding:0px 0px 0px 0px !important;\n}\n<\/style>\n<div class='flex_cell av-jtq1hu63-1171983912132d948c85eb7d1ee9fbf7 av-gridrow-cell av_three_fifth no_margin  avia-builder-el-2  el_after_av_cell_one_fifth  el_before_av_cell_one_fifth  av-zero-padding'  ><div class='flex_cell_inner'>\n<style type=\"text\/css\" data-created_by=\"avia_inline_auto\" id=\"style-css-av-k3sn1776-cd5a2743f40b6e66e4616123b3b68ee7\">\n#top .av-special-heading.av-k3sn1776-cd5a2743f40b6e66e4616123b3b68ee7{\npadding-bottom:10px;\ncolor:#ffffff;\n}\nbody .av-special-heading.av-k3sn1776-cd5a2743f40b6e66e4616123b3b68ee7 .av-special-heading-tag .heading-char{\nfont-size:25px;\n}\n.av-special-heading.av-k3sn1776-cd5a2743f40b6e66e4616123b3b68ee7 .special-heading-inner-border{\nborder-color:#ffffff;\n}\n.av-special-heading.av-k3sn1776-cd5a2743f40b6e66e4616123b3b68ee7 .av-subheading{\nfont-size:15px;\n}\n<\/style>\n<div  class='av-special-heading av-k3sn1776-cd5a2743f40b6e66e4616123b3b68ee7 av-special-heading-h1 custom-color-heading blockquote modern-quote modern-centered  avia-builder-el-3  avia-builder-el-no-sibling '><h1 class='av-special-heading-tag '  itemprop=\"headline\"  >MODELO RELAX<\/h1><div class=\"special-heading-border\"><div class=\"special-heading-inner-border\"><\/div><\/div><\/div>\n<\/div><\/div>\n<style type=\"text\/css\" data-created_by=\"avia_inline_auto\" id=\"style-css-av-jtq1icbd-bd148ff8ed7d5821c1fb0b082fde52bd\">\n.flex_cell.av-jtq1icbd-bd148ff8ed7d5821c1fb0b082fde52bd{\nvertical-align:top;\nheight:20px;\nmin-height:20px;\nbackground-color:#2778b2;\n}\n.responsive #top #wrap_all .flex_cell.av-jtq1icbd-bd148ff8ed7d5821c1fb0b082fde52bd{\npadding:0px 0px 0px 0px !important;\n}\n<\/style>\n<div class='flex_cell av-jtq1icbd-bd148ff8ed7d5821c1fb0b082fde52bd av-gridrow-cell av_one_fifth no_margin  avia-builder-el-4  el_after_av_cell_three_fifth  avia-builder-el-last  av-zero-padding'  ><div class='flex_cell_inner'><\/div><\/div>\n<\/div>\n<div id='av_section_1'  class='avia-section av-6tq95je-2b2846be2880454342ad386e4a6b3bcf main_color avia-section-default avia-no-border-styling  avia-builder-el-5  el_after_av_layout_row  el_before_av_section  avia-bg-style-scroll container_wrap sidebar_right'  ><div class='container av-section-cont-open' ><div class='template-page content  av-content-small alpha units'><div class='post-entry post-entry-type-page post-entry-19102'><div class='entry-content-wrapper clearfix'>\n\n<style type=\"text\/css\" data-created_by=\"avia_inline_auto\" id=\"style-css-av-650xz8q-2b7bc576d62a471f4535ca51d84b9abc\">\n.flex_column.av-650xz8q-2b7bc576d62a471f4535ca51d84b9abc{\nborder-radius:0px 0px 0px 0px;\npadding:0px 0px 0px 0px;\n}\n<\/style>\n<div  class='flex_column av-650xz8q-2b7bc576d62a471f4535ca51d84b9abc av_one_half  avia-builder-el-6  el_before_av_one_half  avia-builder-el-first  first flex_column_div av-zero-column-padding  '     ><section  class='av_textblock_section av-jtptksx3-8b8a18081c198300369a31fa9035aefd '   itemscope=\"itemscope\" itemtype=\"https:\/\/schema.org\/CreativeWork\" ><div class='avia_textblock'  itemprop=\"text\" ><p><strong>Fabricaci\u00f3n:<\/strong><br \/>\nLas p\u00e9rgolas y cubiertas se fabrican con la intenci\u00f3n de que sean de f\u00e1cil montaje y desmontaje, gracias al sistema \u201ccola milano\u201d el cual posee como caracter\u00edstica principal la no necesidad de herrajes para su colocaci\u00f3n.<\/p>\n<p><strong>Estructura:<\/strong><br \/>\nDichas estructuras destinadas a dar sombra y al resguardo en condiciones climatol\u00f3gicas adversas, ofrecen un dise\u00f1o atractivo, funcional y sobre todo seguro.<\/p>\n<p><strong>Sistema de contrucci\u00f3n:<\/strong><br \/>\nEl sistema constructivo utilizado, se compone de un conjunto de piezas de legno laminada de pino silvestre, con secciones suficientes para ofrecer todas las garant\u00edas a la estructura.<\/p>\n<p style=\"text-align: justify;\">\n<\/div><\/section><\/div>\n<style type=\"text\/css\" data-created_by=\"avia_inline_auto\" id=\"style-css-av-5sveiru-476f21ddd56d8edc084d7a1648edc229\">\n.flex_column.av-5sveiru-476f21ddd56d8edc084d7a1648edc229{\nborder-radius:0px 0px 0px 0px;\npadding:0px 0px 0px 0px;\n}\n<\/style>\n<div  class='flex_column av-5sveiru-476f21ddd56d8edc084d7a1648edc229 av_one_half  avia-builder-el-8  el_after_av_one_half  avia-builder-el-last  flex_column_div av-zero-column-padding  '     ><style type=\"text\/css\" data-created_by=\"avia_inline_auto\" id=\"style-css-av-jxvpw27r-04736e8a977e1c0c865207818726c706\">\n.avia-image-container.av-jxvpw27r-04736e8a977e1c0c865207818726c706 img.avia_image{\nbox-shadow:none;\n}\n.avia-image-container.av-jxvpw27r-04736e8a977e1c0c865207818726c706 .av-image-caption-overlay-center{\ncolor:#ffffff;\n}\n<\/style>\n<div  class='avia-image-container av-jxvpw27r-04736e8a977e1c0c865207818726c706 av-styling- avia-align-center  avia-builder-el-9  avia-builder-el-no-sibling '   itemprop=\"image\" itemscope=\"itemscope\" itemtype=\"https:\/\/schema.org\/ImageObject\" ><div class=\"avia-image-container-inner\"><div class=\"avia-image-overlay-wrap\"><img decoding=\"async\" fetchpriority=\"high\" class='wp-image-11997 avia-img-lazy-loading-not-11997 avia_image ' src=\"https:\/\/www.maderasmenur.com\/wp-content\/uploads\/PERGOLA-MADERA-MODELO-RELAXA.png\" alt='' title='PERGOLA-MADERA-MODELO-RELAXA'  height=\"387\" width=\"600\"  itemprop=\"thumbnailUrl\" srcset=\"https:\/\/www.maderasmenur.com\/wp-content\/uploads\/PERGOLA-MADERA-MODELO-RELAXA.png 600w, https:\/\/www.maderasmenur.com\/wp-content\/uploads\/PERGOLA-MADERA-MODELO-RELAXA-300x194.png 300w, https:\/\/www.maderasmenur.com\/wp-content\/uploads\/PERGOLA-MADERA-MODELO-RELAXA-450x290.png 450w\" sizes=\"(max-width: 600px) 100vw, 600px\" \/><\/div><\/div><\/div><\/div>\n\n<\/div><\/div><\/div><!-- close content main div --><\/div><\/div>\n<style type=\"text\/css\" data-created_by=\"avia_inline_auto\" id=\"style-css-av-6tq95je-fa78c535cd1c77f3302fc88796e649cd\">\n.avia-section.av-6tq95je-fa78c535cd1c77f3302fc88796e649cd{\nbackground-color:#020202;\nbackground-image:unset;\n}\n<\/style>\n<div id='av_section_2'  class='avia-section av-6tq95je-fa78c535cd1c77f3302fc88796e649cd main_color avia-section-default avia-no-border-styling  avia-builder-el-10  el_after_av_section  avia-builder-el-last  avia-bg-style-scroll container_wrap sidebar_right'  ><div class='container av-section-cont-open' ><div class='template-page content  av-content-small alpha units'><div class='post-entry post-entry-type-page post-entry-19102'><div class='entry-content-wrapper clearfix'>\n\n<style type=\"text\/css\" data-created_by=\"avia_inline_auto\" id=\"style-css-av-5sveiru-f84f472e3693a0b0dfe0fedb0bcf90f9\">\n.flex_column.av-5sveiru-f84f472e3693a0b0dfe0fedb0bcf90f9{\nborder-radius:0px 0px 0px 0px;\npadding:0px 0px 0px 0px;\n}\n<\/style>\n<div  class='flex_column av-5sveiru-f84f472e3693a0b0dfe0fedb0bcf90f9 av_one_half  avia-builder-el-11  el_before_av_one_half  avia-builder-el-first  first flex_column_div av-zero-column-padding  '     ><style type=\"text\/css\" data-created_by=\"avia_inline_auto\" id=\"style-css-av-jtq1m9bs-03793b82d4099d81509d186a6d060009\">\n.avia-image-container.av-jtq1m9bs-03793b82d4099d81509d186a6d060009 img.avia_image{\nbox-shadow:none;\n}\n.avia-image-container.av-jtq1m9bs-03793b82d4099d81509d186a6d060009 .av-image-caption-overlay-center{\ncolor:#ffffff;\n}\n<\/style>\n<div  class='avia-image-container av-jtq1m9bs-03793b82d4099d81509d186a6d060009 av-styling- avia-align-center  avia-builder-el-12  avia-builder-el-no-sibling '   itemprop=\"image\" itemscope=\"itemscope\" itemtype=\"https:\/\/schema.org\/ImageObject\" ><div class=\"avia-image-container-inner\"><div class=\"avia-image-overlay-wrap\"><img decoding=\"async\" fetchpriority=\"high\" class='wp-image-12000 avia-img-lazy-loading-not-12000 avia_image ' src=\"https:\/\/www.maderasmenur.com\/wp-content\/uploads\/PERGOLA-MADERA-MODELO-RELAX.jpg\" alt='' title='PERGOLA-MADERA-MODELO-RELAX'  height=\"387\" width=\"600\"  itemprop=\"thumbnailUrl\"  \/><\/div><\/div><\/div><\/div>\n<style type=\"text\/css\" data-created_by=\"avia_inline_auto\" id=\"style-css-av-650xz8q-47064b6998fb0484dd14b7bfd0555ad9\">\n.flex_column.av-650xz8q-47064b6998fb0484dd14b7bfd0555ad9{\nborder-radius:0px 0px 0px 0px;\npadding:0px 0px 0px 0px;\n}\n<\/style>\n<div  class='flex_column av-650xz8q-47064b6998fb0484dd14b7bfd0555ad9 av_one_half  avia-builder-el-13  el_after_av_one_half  avia-builder-el-last  flex_column_div av-zero-column-padding  '     ><section  class='av_textblock_section av-jtptksx3-8b8a18081c198300369a31fa9035aefd '   itemscope=\"itemscope\" itemtype=\"https:\/\/schema.org\/CreativeWork\" ><div class='avia_textblock'  itemprop=\"text\" ><p><span style=\"color: #ffffff;\"><strong>Dise\u00f1o:<\/strong><\/span><\/p>\n<p style=\"text-align: justify;\"><span style=\"color: #ffffff;\">Las p\u00e9rgolas y cubiertas est\u00e1n dise\u00f1adas su misura, permitiendo su installazione en m\u00faltiples localizaciones y escuadr\u00edas.<\/span><\/p>\n<p><span style=\"color: #ffffff;\"><strong>Installazione:<\/strong><\/span><\/p>\n<p style=\"text-align: justify;\"><span style=\"color: #ffffff;\">Como terminaci\u00f3n de la zona superior de la cubierta, se puede utilizar lona de alta resistencia al fuego -Clasificaci\u00f3n M2 \u2013 con propiedades ultravioletas, la cual aportara\u00a0 una\u00a0 soluci\u00f3n\u00a0 ideal,\u00a0 de\u00a0 f\u00e1cil\u00a0 montaje,\u00a0 desmontaje\u00a0 y\u00a0 almacenamiento.<\/span><\/p>\n<p><span style=\"color: #ffffff;\"><strong>Materiales:<\/strong><\/span><\/p>\n<p style=\"text-align: justify;\"><span style=\"color: #ffffff;\">Adem\u00e1s\u00a0 se puede realizar techos r\u00edgidos, con tablero marino y t\u00e9gola (manta asf\u00e1ltica) imitaci\u00f3n a pizarra.<\/span><\/p>\n<p style=\"text-align: justify;\"><span style=\"color: #ffffff;\">En estas instalaciones se contempla la opci\u00f3n de colocar toldos laterales enrollables donde se necesiten, para completar el cerramiento de la misma<\/span><\/p>\n<p style=\"text-align: justify;\">\n<\/div><\/section><\/div><\/div><\/div><\/div><!-- close content main div --><\/div><\/div><div id='after_section_2'  class='main_color av_default_container_wrap container_wrap sidebar_right'  ><div class='container av-section-cont-open' ><div class='template-page content  av-content-small alpha units'><div class='post-entry post-entry-type-page post-entry-19102'><div class='entry-content-wrapper clearfix'>\n","protected":false},"excerpt":{"rendered":"","protected":false},"author":0,"featured_media":0,"parent":0,"menu_order":0,"comment_status":"closed","ping_status":"closed","template":"","meta":{"footnotes":""},"class_list":["post-19102","page","type-page","status-publish","hentry"],"_links":{"self":[{"href":"https:\/\/www.maderasmenur.com\/it\/wp-json\/wp\/v2\/pages\/19102","targetHints":{"allow":["GET"]}}],"collection":[{"href":"https:\/\/www.maderasmenur.com\/it\/wp-json\/wp\/v2\/pages"}],"about":[{"href":"https:\/\/www.maderasmenur.com\/it\/wp-json\/wp\/v2\/types\/page"}],"replies":[{"embeddable":true,"href":"https:\/\/www.maderasmenur.com\/it\/wp-json\/wp\/v2\/comments?post=19102"}],"version-history":[{"count":2,"href":"https:\/\/www.maderasmenur.com\/it\/wp-json\/wp\/v2\/pages\/19102\/revisions"}],"predecessor-version":[{"id":19243,"href":"https:\/\/www.maderasmenur.com\/it\/wp-json\/wp\/v2\/pages\/19102\/revisions\/19243"}],"wp:attachment":[{"href":"https:\/\/www.maderasmenur.com\/it\/wp-json\/wp\/v2\/media?parent=19102"}],"curies":[{"name":"wp","href":"https:\/\/api.w.org\/{rel}","templated":true}]}}