{"id":19108,"date":"2026-03-10T09:01:07","date_gmt":"2026-03-10T08:01:07","guid":{"rendered":"https:\/\/www.maderasmenur.com\/panche-di-legno\/"},"modified":"2026-03-12T20:28:50","modified_gmt":"2026-03-12T19:28:50","slug":"panche-di-legno-2","status":"publish","type":"page","link":"https:\/\/www.maderasmenur.com\/it\/panche-di-legno-2\/","title":{"rendered":"Panche di Legno"},"content":{"rendered":"<div id='av-layout-grid-1'  class='av-layout-grid-container av-jtq1gq78-3288a894c30d24bad094e158633ff0da entry-content-wrapper main_color av-fixed-cells  avia-builder-el-0  el_before_av_section  avia-builder-el-first   container_wrap sidebar_right'  >\n\n<style type=\"text\/css\" data-created_by=\"avia_inline_auto\" id=\"style-css-av-jtq1h9kq-35393aac9eb8de4973592be2454d64a4\">\n.flex_cell.av-jtq1h9kq-35393aac9eb8de4973592be2454d64a4{\nvertical-align:top;\nheight:20px;\nmin-height:20px;\nbackground-color:#0059a3;\n}\n.responsive #top #wrap_all .flex_cell.av-jtq1h9kq-35393aac9eb8de4973592be2454d64a4{\npadding:0px 0px 0px 0px !important;\n}\n<\/style>\n<div class='flex_cell av-jtq1h9kq-35393aac9eb8de4973592be2454d64a4 av-gridrow-cell av_one_fifth no_margin  avia-builder-el-1  el_before_av_cell_three_fifth  avia-builder-el-first  av-zero-padding'  ><div class='flex_cell_inner'><\/div><\/div>\n<style type=\"text\/css\" data-created_by=\"avia_inline_auto\" id=\"style-css-av-jtq1hu63-1171983912132d948c85eb7d1ee9fbf7\">\n.flex_cell.av-jtq1hu63-1171983912132d948c85eb7d1ee9fbf7{\nvertical-align:top;\nheight:20px;\nmin-height:20px;\nbackground-color:#0169b2;\n}\n.responsive #top #wrap_all .flex_cell.av-jtq1hu63-1171983912132d948c85eb7d1ee9fbf7{\npadding:0px 0px 0px 0px !important;\n}\n<\/style>\n<div class='flex_cell av-jtq1hu63-1171983912132d948c85eb7d1ee9fbf7 av-gridrow-cell av_three_fifth no_margin  avia-builder-el-2  el_after_av_cell_one_fifth  el_before_av_cell_one_fifth  av-zero-padding'  ><div class='flex_cell_inner'>\n<style type=\"text\/css\" data-created_by=\"avia_inline_auto\" id=\"style-css-av-k8pmj7rn-065d14f51a152f7a5d926f06bbe36711\">\n#top .av-special-heading.av-k8pmj7rn-065d14f51a152f7a5d926f06bbe36711{\nmargin:15px 0 15px 0;\npadding-bottom:10px;\ncolor:#ffffff;\n}\nbody .av-special-heading.av-k8pmj7rn-065d14f51a152f7a5d926f06bbe36711 .av-special-heading-tag .heading-char{\nfont-size:25px;\n}\n.av-special-heading.av-k8pmj7rn-065d14f51a152f7a5d926f06bbe36711 .special-heading-inner-border{\nborder-color:#ffffff;\n}\n.av-special-heading.av-k8pmj7rn-065d14f51a152f7a5d926f06bbe36711 .av-subheading{\nfont-size:15px;\n}\n<\/style>\n<div  class='av-special-heading av-k8pmj7rn-065d14f51a152f7a5d926f06bbe36711 av-special-heading-h1 custom-color-heading blockquote modern-quote modern-centered  avia-builder-el-3  avia-builder-el-no-sibling '><h1 class='av-special-heading-tag '  itemprop=\"headline\"  >Panche in legno para exterior<\/h1><div class=\"special-heading-border\"><div class=\"special-heading-inner-border\"><\/div><\/div><\/div>\n<\/div><\/div>\n<style type=\"text\/css\" data-created_by=\"avia_inline_auto\" id=\"style-css-av-jtq1icbd-bd148ff8ed7d5821c1fb0b082fde52bd\">\n.flex_cell.av-jtq1icbd-bd148ff8ed7d5821c1fb0b082fde52bd{\nvertical-align:top;\nheight:20px;\nmin-height:20px;\nbackground-color:#2778b2;\n}\n.responsive #top #wrap_all .flex_cell.av-jtq1icbd-bd148ff8ed7d5821c1fb0b082fde52bd{\npadding:0px 0px 0px 0px !important;\n}\n<\/style>\n<div class='flex_cell av-jtq1icbd-bd148ff8ed7d5821c1fb0b082fde52bd av-gridrow-cell av_one_fifth no_margin  avia-builder-el-4  el_after_av_cell_three_fifth  avia-builder-el-last  av-zero-padding'  ><div class='flex_cell_inner'><\/div><\/div>\n<\/div>\n<div id='av_section_1'  class='avia-section av-309kd30-94b0866777df85918c26cd0a088a0158 main_color avia-section-default avia-no-border-styling  avia-builder-el-5  el_after_av_layout_row  avia-builder-el-last  avia-bg-style-scroll container_wrap sidebar_right'  ><div class='container av-section-cont-open' ><div class='template-page content  av-content-small alpha units'><div class='post-entry post-entry-type-page post-entry-19108'><div class='entry-content-wrapper clearfix'>\n\n<style type=\"text\/css\" data-created_by=\"avia_inline_auto\" id=\"style-css-av-2gq4puk-bbcfc723b6a1d9b4f5d592aa6f49e077\">\n.flex_column.av-2gq4puk-bbcfc723b6a1d9b4f5d592aa6f49e077{\nborder-radius:0px 0px 0px 0px;\npadding:0px 0px 0px 0px;\n}\n<\/style>\n<div  class='flex_column av-2gq4puk-bbcfc723b6a1d9b4f5d592aa6f49e077 av_two_third  avia-builder-el-6  el_before_av_one_third  avia-builder-el-first  first flex_column_div av-zero-column-padding  '     ><style type=\"text\/css\" data-created_by=\"avia_inline_auto\" id=\"style-css-av-k36zhccu-4047e2600bf796c51c5611db5e4e5c0e\">\n#top .avia-gallery.av-k36zhccu-4047e2600bf796c51c5611db5e4e5c0e .avia-gallery-thumb a{\nwidth:25%;\n}\n<\/style>\n<div  class='avia-gallery av-k36zhccu-4047e2600bf796c51c5611db5e4e5c0e avia_animate_when_visible  avia-builder-el-7  avia-builder-el-no-sibling  animations_off av-slideshow-ui av-loop-manual-endless av-control-hidden av-navigate-arrows av-navigate-dots hover-effect av-control-hidden avia-gallery-1'  itemprop=\"image\" itemscope=\"itemscope\" itemtype=\"https:\/\/schema.org\/ImageObject\" ><meta itemprop=\"contentURL\" content=\"https:\/\/www.maderasmenur.com\/it\/panche-di-legno-2\/\"><a class='avia-gallery-big fakeLightbox lightbox avia-gallery-big-no-crop-thumb ' href=\"https:\/\/www.maderasmenur.com\/wp-content\/uploads\/banco-de-madera.jpg\" data-srcset=\"https:\/\/www.maderasmenur.com\/wp-content\/uploads\/banco-de-madera.jpg 600w, https:\/\/www.maderasmenur.com\/wp-content\/uploads\/banco-de-madera-300x194.jpg 300w, https:\/\/www.maderasmenur.com\/wp-content\/uploads\/banco-de-madera-450x290.jpg 450w\" data-sizes=\"(max-width: 600px) 100vw, 600px\"  data-onclick='1' title='Banco de madera' ><span class='avia-gallery-big-inner'  itemprop=\"thumbnailUrl\" ><img decoding=\"async\" fetchpriority=\"high\" class=\"wp-image-19790 avia-img-lazy-loading-not-19790\"  width=\"600\" height=\"387\" src=\"https:\/\/www.maderasmenur.com\/wp-content\/uploads\/banco-de-madera.jpg\" title='Banco de madera' alt='Banco de madera' srcset=\"https:\/\/www.maderasmenur.com\/wp-content\/uploads\/banco-de-madera.jpg 600w, https:\/\/www.maderasmenur.com\/wp-content\/uploads\/banco-de-madera-300x194.jpg 300w, https:\/\/www.maderasmenur.com\/wp-content\/uploads\/banco-de-madera-450x290.jpg 450w\" sizes=\"(max-width: 600px) 100vw, 600px\" \/><\/span><\/a><div class='avia-gallery-thumb'><a href=\"https:\/\/www.maderasmenur.com\/wp-content\/uploads\/banco-de-madera.jpg\" data-srcset=\"https:\/\/www.maderasmenur.com\/wp-content\/uploads\/banco-de-madera.jpg 600w, https:\/\/www.maderasmenur.com\/wp-content\/uploads\/banco-de-madera-300x194.jpg 300w, https:\/\/www.maderasmenur.com\/wp-content\/uploads\/banco-de-madera-450x290.jpg 450w\" data-sizes=\"(max-width: 600px) 100vw, 600px\" data-rel='gallery-1' data-prev-img='https:\/\/www.maderasmenur.com\/wp-content\/uploads\/banco-de-madera.jpg' class='first_thumb lightbox ' data-onclick='1' title='Banco de madera'  itemprop=\"thumbnailUrl\"  ><img decoding=\"async\" fetchpriority=\"high\" class=\"wp-image-19790 avia-img-lazy-loading-not-19790\"   src=\"https:\/\/www.maderasmenur.com\/wp-content\/uploads\/banco-de-madera-300x194.jpg\" width=\"300\" height=\"194\"  title='Banco de madera' alt='Banco de madera' srcset=\"https:\/\/www.maderasmenur.com\/wp-content\/uploads\/banco-de-madera-300x194.jpg 300w, https:\/\/www.maderasmenur.com\/wp-content\/uploads\/banco-de-madera-450x290.jpg 450w, https:\/\/www.maderasmenur.com\/wp-content\/uploads\/banco-de-madera.jpg 600w\" sizes=\"(max-width: 300px) 100vw, 300px\" \/><div class='big-prev-fake'><img decoding=\"async\" loading=\"lazy\" class=\"wp-image-19790 avia-img-lazy-loading-19790\"  width=\"600\" height=\"387\" src=\"https:\/\/www.maderasmenur.com\/wp-content\/uploads\/banco-de-madera.jpg\" title='Banco de madera' alt='Banco de madera' srcset=\"https:\/\/www.maderasmenur.com\/wp-content\/uploads\/banco-de-madera.jpg 600w, https:\/\/www.maderasmenur.com\/wp-content\/uploads\/banco-de-madera-300x194.jpg 300w, https:\/\/www.maderasmenur.com\/wp-content\/uploads\/banco-de-madera-450x290.jpg 450w\" sizes=\"auto, (max-width: 600px) 100vw, 600px\" \/><\/div><\/a><a href=\"https:\/\/www.maderasmenur.com\/wp-content\/uploads\/bancos-en-madera.jpg\" data-srcset=\"https:\/\/www.maderasmenur.com\/wp-content\/uploads\/bancos-en-madera.jpg 600w, https:\/\/www.maderasmenur.com\/wp-content\/uploads\/bancos-en-madera-300x194.jpg 300w, https:\/\/www.maderasmenur.com\/wp-content\/uploads\/bancos-en-madera-450x290.jpg 450w\" data-sizes=\"(max-width: 600px) 100vw, 600px\" data-rel='gallery-1' data-prev-img='https:\/\/www.maderasmenur.com\/wp-content\/uploads\/bancos-en-madera.jpg' class='lightbox ' data-onclick='2' title='Bancos en madera'  itemprop=\"thumbnailUrl\"  ><img decoding=\"async\" fetchpriority=\"high\" class=\"wp-image-16090 avia-img-lazy-loading-not-16090\"   src=\"https:\/\/www.maderasmenur.com\/wp-content\/uploads\/bancos-en-madera-300x194.jpg\" width=\"300\" height=\"194\"  title='Bancos en madera' alt='Bancos en madera' srcset=\"https:\/\/www.maderasmenur.com\/wp-content\/uploads\/bancos-en-madera-300x194.jpg 300w, https:\/\/www.maderasmenur.com\/wp-content\/uploads\/bancos-en-madera-450x290.jpg 450w, https:\/\/www.maderasmenur.com\/wp-content\/uploads\/bancos-en-madera.jpg 600w\" sizes=\"(max-width: 300px) 100vw, 300px\" \/><div class='big-prev-fake'><img decoding=\"async\" loading=\"lazy\" class=\"wp-image-16090 avia-img-lazy-loading-16090\"  width=\"600\" height=\"387\" src=\"https:\/\/www.maderasmenur.com\/wp-content\/uploads\/bancos-en-madera.jpg\" title='Bancos en madera' alt='Bancos en madera' srcset=\"https:\/\/www.maderasmenur.com\/wp-content\/uploads\/bancos-en-madera.jpg 600w, https:\/\/www.maderasmenur.com\/wp-content\/uploads\/bancos-en-madera-300x194.jpg 300w, https:\/\/www.maderasmenur.com\/wp-content\/uploads\/bancos-en-madera-450x290.jpg 450w\" sizes=\"auto, (max-width: 600px) 100vw, 600px\" \/><\/div><\/a><a href=\"https:\/\/www.maderasmenur.com\/wp-content\/uploads\/banco-madera.jpg\" data-srcset=\"https:\/\/www.maderasmenur.com\/wp-content\/uploads\/banco-madera.jpg 600w, https:\/\/www.maderasmenur.com\/wp-content\/uploads\/banco-madera-300x194.jpg 300w, https:\/\/www.maderasmenur.com\/wp-content\/uploads\/banco-madera-450x290.jpg 450w\" data-sizes=\"(max-width: 600px) 100vw, 600px\" data-rel='gallery-1' data-prev-img='https:\/\/www.maderasmenur.com\/wp-content\/uploads\/banco-madera.jpg' class='lightbox ' data-onclick='3' title='Banco madera'  itemprop=\"thumbnailUrl\"  ><img decoding=\"async\" fetchpriority=\"high\" class=\"wp-image-16086 avia-img-lazy-loading-not-16086\"   src=\"https:\/\/www.maderasmenur.com\/wp-content\/uploads\/banco-madera-300x194.jpg\" width=\"300\" height=\"194\"  title='Banco madera' alt='Banco madera' srcset=\"https:\/\/www.maderasmenur.com\/wp-content\/uploads\/banco-madera-300x194.jpg 300w, https:\/\/www.maderasmenur.com\/wp-content\/uploads\/banco-madera-450x290.jpg 450w, https:\/\/www.maderasmenur.com\/wp-content\/uploads\/banco-madera.jpg 600w\" sizes=\"(max-width: 300px) 100vw, 300px\" \/><div class='big-prev-fake'><img decoding=\"async\" loading=\"lazy\" class=\"wp-image-16086 avia-img-lazy-loading-16086\"  width=\"600\" height=\"387\" src=\"https:\/\/www.maderasmenur.com\/wp-content\/uploads\/banco-madera.jpg\" title='Banco madera' alt='Banco madera' srcset=\"https:\/\/www.maderasmenur.com\/wp-content\/uploads\/banco-madera.jpg 600w, https:\/\/www.maderasmenur.com\/wp-content\/uploads\/banco-madera-300x194.jpg 300w, https:\/\/www.maderasmenur.com\/wp-content\/uploads\/banco-madera-450x290.jpg 450w\" sizes=\"auto, (max-width: 600px) 100vw, 600px\" \/><\/div><\/a><a href=\"https:\/\/www.maderasmenur.com\/wp-content\/uploads\/bancos-de-madera.jpg\" data-srcset=\"https:\/\/www.maderasmenur.com\/wp-content\/uploads\/bancos-de-madera.jpg 600w, https:\/\/www.maderasmenur.com\/wp-content\/uploads\/bancos-de-madera-300x194.jpg 300w, https:\/\/www.maderasmenur.com\/wp-content\/uploads\/bancos-de-madera-450x290.jpg 450w\" data-sizes=\"(max-width: 600px) 100vw, 600px\" data-rel='gallery-1' data-prev-img='https:\/\/www.maderasmenur.com\/wp-content\/uploads\/bancos-de-madera.jpg' class='lightbox ' data-onclick='4' title='Bancos de madera'  itemprop=\"thumbnailUrl\"  ><img decoding=\"async\" fetchpriority=\"high\" class=\"wp-image-16082 avia-img-lazy-loading-not-16082\"   src=\"https:\/\/www.maderasmenur.com\/wp-content\/uploads\/bancos-de-madera-300x194.jpg\" width=\"300\" height=\"194\"  title='Bancos de madera' alt='Bancos de madera' srcset=\"https:\/\/www.maderasmenur.com\/wp-content\/uploads\/bancos-de-madera-300x194.jpg 300w, https:\/\/www.maderasmenur.com\/wp-content\/uploads\/bancos-de-madera-450x290.jpg 450w, https:\/\/www.maderasmenur.com\/wp-content\/uploads\/bancos-de-madera.jpg 600w\" sizes=\"(max-width: 300px) 100vw, 300px\" \/><div class='big-prev-fake'><img decoding=\"async\" loading=\"lazy\" class=\"wp-image-16082 avia-img-lazy-loading-16082\"  width=\"600\" height=\"387\" src=\"https:\/\/www.maderasmenur.com\/wp-content\/uploads\/bancos-de-madera.jpg\" title='Bancos de madera' alt='Bancos de madera' srcset=\"https:\/\/www.maderasmenur.com\/wp-content\/uploads\/bancos-de-madera.jpg 600w, https:\/\/www.maderasmenur.com\/wp-content\/uploads\/bancos-de-madera-300x194.jpg 300w, https:\/\/www.maderasmenur.com\/wp-content\/uploads\/bancos-de-madera-450x290.jpg 450w\" sizes=\"auto, (max-width: 600px) 100vw, 600px\" \/><\/div><\/a><\/div><\/div><\/div>\n<style type=\"text\/css\" data-created_by=\"avia_inline_auto\" id=\"style-css-av-248x5x8-9c26d581b16c1bf2c113b2cdc949b49d\">\n.flex_column.av-248x5x8-9c26d581b16c1bf2c113b2cdc949b49d{\nborder-radius:0px 0px 0px 0px;\npadding:0px 0px 0px 0px;\n}\n<\/style>\n<div  class='flex_column av-248x5x8-9c26d581b16c1bf2c113b2cdc949b49d av_one_third  avia-builder-el-8  el_after_av_two_third  avia-builder-el-last  flex_column_div av-zero-column-padding  '     ><p>\n<style type=\"text\/css\" data-created_by=\"avia_inline_auto\" id=\"style-css-av-k36zpwls-dc703f015307e1529b9afdda585ba013\">\n#top .av_textblock_section.av-k36zpwls-dc703f015307e1529b9afdda585ba013 .avia_textblock{\nfont-size:14px;\ncolor:#0a0a0a;\n}\n<\/style>\n<section  class='av_textblock_section av-k36zpwls-dc703f015307e1529b9afdda585ba013 '   itemscope=\"itemscope\" itemtype=\"https:\/\/schema.org\/CreativeWork\" ><div class='avia_textblock av_inherit_color'  itemprop=\"text\" ><p>Descubre nuestros panche in legno dentro de nuestra secci\u00f3n de mobiliario exterior, complemento ideal para parques, senderos o jard\u00edn. Todos ellos emplean materiales resistentes a los climas m\u00e1s extremos a fin de garantizar la m\u00e1xima durabilidad.<\/p>\n<p>Nuestros bancos son el complemento ideal per esterni al emplear los mejores materiales para soportar dicho ambiente, pudiendo escoger entre los modelos existentes, con respaldo o sin el, o bien dise\u00f1ar los mismos a gusto del cliente.<\/p>\n<\/div><\/section><br \/>\n<div  class='togglecontainer av-k36zndo4-4e07a286ccf2f7643a9c62a45e379e18  avia-builder-el-10  el_after_av_textblock  avia-builder-el-last  toggle_close_all' >\n<section class='av_toggle_section av-av_toggle-11ccfd5d6ca7f00da835c4d45ab08fff'  itemscope=\"itemscope\" itemtype=\"https:\/\/schema.org\/CreativeWork\" ><div role=\"tablist\" class=\"single_toggle\" data-tags=\"{Tutto} \"  ><p id='toggle-toggle-id-1' data-fake-id='#toggle-id-1' class='toggler  activeTitle av-title-above '  itemprop=\"headline\"  role='tab' tabindex='0' aria-controls='toggle-id-1' data-slide-speed=\"200\" data-title=\"Contacto\" data-title-open=\"\" data-aria_collapsed=\"Clicca per espandere: Contacto\" data-aria_expanded=\"Fare clic per chiudere: Contacto\">Contacto<span class=\"toggle_icon\"><span class=\"vert_icon\"><\/span><span class=\"hor_icon\"><\/span><\/span><\/p><div id='toggle-id-1' aria-labelledby='toggle-toggle-id-1' role='region' class='toggle_wrap  active_tc av-title-above' style='display:block;' ><div class='toggle_content invers-color '  itemprop=\"text\" ><p>Si necesitas <a href=\"\/?page_id=12514\">contactar<\/a> ind\u00edcanos el asunto junto a su demanda y nos pondremos en contacto a la mayor brevedad posible.<\/p>\n<\/div><\/div><\/div><\/section>\n<\/div><\/p><\/div><\/div><\/div><\/div><!-- close content main div --><\/div><\/div><div id='after_section_1'  class='main_color av_default_container_wrap container_wrap sidebar_right'  ><div class='container av-section-cont-open' ><div class='template-page content  av-content-small alpha units'><div class='post-entry post-entry-type-page post-entry-19108'><div class='entry-content-wrapper clearfix'>\n","protected":false},"excerpt":{"rendered":"","protected":false},"author":0,"featured_media":19790,"parent":0,"menu_order":0,"comment_status":"closed","ping_status":"closed","template":"","meta":{"footnotes":""},"class_list":["post-19108","page","type-page","status-publish","has-post-thumbnail","hentry"],"_links":{"self":[{"href":"https:\/\/www.maderasmenur.com\/it\/wp-json\/wp\/v2\/pages\/19108","targetHints":{"allow":["GET"]}}],"collection":[{"href":"https:\/\/www.maderasmenur.com\/it\/wp-json\/wp\/v2\/pages"}],"about":[{"href":"https:\/\/www.maderasmenur.com\/it\/wp-json\/wp\/v2\/types\/page"}],"replies":[{"embeddable":true,"href":"https:\/\/www.maderasmenur.com\/it\/wp-json\/wp\/v2\/comments?post=19108"}],"version-history":[{"count":3,"href":"https:\/\/www.maderasmenur.com\/it\/wp-json\/wp\/v2\/pages\/19108\/revisions"}],"predecessor-version":[{"id":19240,"href":"https:\/\/www.maderasmenur.com\/it\/wp-json\/wp\/v2\/pages\/19108\/revisions\/19240"}],"wp:featuredmedia":[{"embeddable":true,"href":"https:\/\/www.maderasmenur.com\/it\/wp-json\/wp\/v2\/media\/19790"}],"wp:attachment":[{"href":"https:\/\/www.maderasmenur.com\/it\/wp-json\/wp\/v2\/media?parent=19108"}],"curies":[{"name":"wp","href":"https:\/\/api.w.org\/{rel}","templated":true}]}}