{"id":19112,"date":"2026-03-10T09:01:08","date_gmt":"2026-03-10T08:01:08","guid":{"rendered":"https:\/\/www.maderasmenur.com\/letti-balinesi\/"},"modified":"2026-03-26T13:24:13","modified_gmt":"2026-03-26T12:24:13","slug":"letti-balinesi-2","status":"publish","type":"page","link":"https:\/\/www.maderasmenur.com\/it\/arredi-da-esterno\/letti-balinesi-2\/","title":{"rendered":"Letti Balinesi"},"content":{"rendered":"<div id='av-layout-grid-1'  class='av-layout-grid-container av-jtq1gq78-3288a894c30d24bad094e158633ff0da entry-content-wrapper main_color av-fixed-cells  avia-builder-el-0  el_before_av_section  avia-builder-el-first   container_wrap sidebar_right'  >\n<style type=\"text\/css\" data-created_by=\"avia_inline_auto\" id=\"style-css-av-jtq1h9kq-35393aac9eb8de4973592be2454d64a4\">\n.flex_cell.av-jtq1h9kq-35393aac9eb8de4973592be2454d64a4{\nvertical-align:top;\nheight:20px;\nmin-height:20px;\nbackground-color:#0059a3;\n}\n.responsive #top #wrap_all .flex_cell.av-jtq1h9kq-35393aac9eb8de4973592be2454d64a4{\npadding:0px 0px 0px 0px !important;\n}\n<\/style>\n<div class='flex_cell av-jtq1h9kq-35393aac9eb8de4973592be2454d64a4 av-gridrow-cell av_one_fifth no_margin  avia-builder-el-1  el_before_av_cell_three_fifth  avia-builder-el-first  av-zero-padding'  >\n<div class='flex_cell_inner'><\/div>\n<\/div>\n<style type=\"text\/css\" data-created_by=\"avia_inline_auto\" id=\"style-css-av-jtq1hu63-1171983912132d948c85eb7d1ee9fbf7\">\n.flex_cell.av-jtq1hu63-1171983912132d948c85eb7d1ee9fbf7{\nvertical-align:top;\nheight:20px;\nmin-height:20px;\nbackground-color:#0169b2;\n}\n.responsive #top #wrap_all .flex_cell.av-jtq1hu63-1171983912132d948c85eb7d1ee9fbf7{\npadding:0px 0px 0px 0px !important;\n}\n<\/style>\n<div class='flex_cell av-jtq1hu63-1171983912132d948c85eb7d1ee9fbf7 av-gridrow-cell av_three_fifth no_margin  avia-builder-el-2  el_after_av_cell_one_fifth  el_before_av_cell_one_fifth  av-zero-padding'  >\n<div class='flex_cell_inner'>\n<style type=\"text\/css\" data-created_by=\"avia_inline_auto\" id=\"style-css-av-k3bqog9r-3bff76506956d8b8a18c9f6617a93c1e\">\n#top .av-special-heading.av-k3bqog9r-3bff76506956d8b8a18c9f6617a93c1e{\nmargin:15px 0 15px 0;\npadding-bottom:10px;\ncolor:#ffffff;\n}\nbody .av-special-heading.av-k3bqog9r-3bff76506956d8b8a18c9f6617a93c1e .av-special-heading-tag .heading-char{\nfont-size:25px;\n}\n.av-special-heading.av-k3bqog9r-3bff76506956d8b8a18c9f6617a93c1e .special-heading-inner-border{\nborder-color:#ffffff;\n}\n.av-special-heading.av-k3bqog9r-3bff76506956d8b8a18c9f6617a93c1e .av-subheading{\nfont-size:15px;\n}\n<\/style>\n<div  class='av-special-heading av-k3bqog9r-3bff76506956d8b8a18c9f6617a93c1e av-special-heading-h1 custom-color-heading blockquote modern-quote modern-centered  avia-builder-el-3  avia-builder-el-no-sibling '>\n<h1 class='av-special-heading-tag '  itemprop=\"headline\"  >Letti balinesi in legno<\/h1>\n<div class=\"special-heading-border\">\n<div class=\"special-heading-inner-border\"><\/div>\n<\/div>\n<\/div>\n<\/div>\n<\/div>\n<style type=\"text\/css\" data-created_by=\"avia_inline_auto\" id=\"style-css-av-jtq1icbd-bd148ff8ed7d5821c1fb0b082fde52bd\">\n.flex_cell.av-jtq1icbd-bd148ff8ed7d5821c1fb0b082fde52bd{\nvertical-align:top;\nheight:20px;\nmin-height:20px;\nbackground-color:#2778b2;\n}\n.responsive #top #wrap_all .flex_cell.av-jtq1icbd-bd148ff8ed7d5821c1fb0b082fde52bd{\npadding:0px 0px 0px 0px !important;\n}\n<\/style>\n<div class='flex_cell av-jtq1icbd-bd148ff8ed7d5821c1fb0b082fde52bd av-gridrow-cell av_one_fifth no_margin  avia-builder-el-4  el_after_av_cell_three_fifth  avia-builder-el-last  av-zero-padding'  >\n<div class='flex_cell_inner'><\/div>\n<\/div>\n<\/div>\n<div id='av_section_1'  class='avia-section av-6tq95je-2b2846be2880454342ad386e4a6b3bcf main_color avia-section-default avia-no-border-styling  avia-builder-el-5  el_after_av_layout_row  el_before_av_section  avia-bg-style-scroll container_wrap sidebar_right'  >\n<div class='container av-section-cont-open' >\n<div class='template-page content  av-content-small alpha units'>\n<div class='post-entry post-entry-type-page post-entry-19112'>\n<div class='entry-content-wrapper clearfix'>\n<style type=\"text\/css\" data-created_by=\"avia_inline_auto\" id=\"style-css-av-650xz8q-2b7bc576d62a471f4535ca51d84b9abc\">\n.flex_column.av-650xz8q-2b7bc576d62a471f4535ca51d84b9abc{\nborder-radius:0px 0px 0px 0px;\npadding:0px 0px 0px 0px;\n}\n<\/style>\n<div  class='flex_column av-650xz8q-2b7bc576d62a471f4535ca51d84b9abc av_one_half  avia-builder-el-6  el_before_av_one_half  avia-builder-el-first  first flex_column_div av-zero-column-padding  '     >\n<section  class='av_textblock_section av-jtptksx3-8b8a18081c198300369a31fa9035aefd '   itemscope=\"itemscope\" itemtype=\"https:\/\/schema.org\/CreativeWork\" >\n<div class='avia_textblock'  itemprop=\"text\" >\n<h2>Il letto da esterno ideale per il tuo giardino, piscina o portico.<\/h2>\n<p>Vi proponiamo una <strong>sfida di immaginazione<\/strong>. Pensate <strong>all&#8217;estate, al mare, a una spiaggia caraibica, a un relax totale, a un mojito, a un tramonto, a un libro, a un paio di occhiali da sole<\/strong>. Ora mettete tutto insieme. Qual \u00e8 l&#8217;immagine che si \u00e8 formata nella vostra testa? Un&#8217;immagine di <strong>relax assoluto in spiaggia<\/strong>, sorseggiando qualcosa, con un tocco esotico e glamour che ci trasporta direttamente a un <strong>letto da esterno in legno<\/strong>. E sempre pi\u00f9 persone <strong>amano i letti balinesi<\/strong>, con il loro tocco esotico, esclusivo e di lusso, ovunque li vediamo catturano la nostra attenzione.<\/p>\n<\/div>\n<\/section>\n<\/div>\n<style type=\"text\/css\" data-created_by=\"avia_inline_auto\" id=\"style-css-av-5sveiru-476f21ddd56d8edc084d7a1648edc229\">\n.flex_column.av-5sveiru-476f21ddd56d8edc084d7a1648edc229{\nborder-radius:0px 0px 0px 0px;\npadding:0px 0px 0px 0px;\n}\n<\/style>\n<div  class='flex_column av-5sveiru-476f21ddd56d8edc084d7a1648edc229 av_one_half  avia-builder-el-8  el_after_av_one_half  avia-builder-el-last  flex_column_div av-zero-column-padding  '     >\n<style type=\"text\/css\" data-created_by=\"avia_inline_auto\" id=\"style-css-av-jxvpw27r-050213344525ce2123b83edc09e07779\">\n.avia-image-container.av-jxvpw27r-050213344525ce2123b83edc09e07779 img.avia_image{\nbox-shadow:none;\n}\n.avia-image-container.av-jxvpw27r-050213344525ce2123b83edc09e07779 .av-image-caption-overlay-center{\ncolor:#ffffff;\n}\n<\/style>\n<div  class='avia-image-container av-jxvpw27r-050213344525ce2123b83edc09e07779 av-styling- avia-align-center  avia-builder-el-9  avia-builder-el-no-sibling '   itemprop=\"image\" itemscope=\"itemscope\" itemtype=\"https:\/\/schema.org\/ImageObject\" >\n<div class=\"avia-image-container-inner\">\n<div class=\"avia-image-overlay-wrap\"><picture><source srcset=\"https:\/\/www.maderasmenur.com\/wp-content\/uploads\/cama-balinesa-de-playa.webp 600w,https:\/\/www.maderasmenur.com\/wp-content\/uploads\/cama-balinesa-de-playa-300x194.webp 300w,https:\/\/www.maderasmenur.com\/wp-content\/uploads\/cama-balinesa-de-playa-450x290.webp 450w\" sizes=\"(max-width: 600px) 100vw, 600px\" type=\"image\/webp\"><img src=\"https:\/\/www.maderasmenur.com\/wp-content\/uploads\/cama-balinesa-de-playa.jpg\" height=\"387\" width=\"600\" srcset=\"https:\/\/www.maderasmenur.com\/wp-content\/uploads\/cama-balinesa-de-playa.jpg 600w, https:\/\/www.maderasmenur.com\/wp-content\/uploads\/cama-balinesa-de-playa-300x194.jpg 300w, https:\/\/www.maderasmenur.com\/wp-content\/uploads\/cama-balinesa-de-playa-450x290.jpg 450w\" sizes=\"(max-width: 600px) 100vw, 600px\" class=\"sp-no-webp sp-no-webp sp-no-webp sp-no-webp sp-no-webp wp-image-13366 avia-img-lazy-loading-not-13366 avia_image  sp-no-webp\" alt=\"Camas balinesas para playa\" decoding=\"async\" fetchpriority=\"high\" title=\"Camas balinesas\" itemprop=\"thumbnailUrl\"  > <\/picture><\/div>\n<\/div>\n<\/div>\n<\/div>\n<\/div>\n<\/div>\n<\/div>\n<p><!-- close content main div --><\/div>\n<\/div>\n<div id='av_section_2'  class='avia-section av-6tq95je-176a0b7f491efc515e8e7021c07ad2dc main_color avia-section-default avia-no-border-styling  avia-builder-el-10  el_after_av_section  el_before_av_section  avia-bg-style-scroll container_wrap sidebar_right'  >\n<div class='container av-section-cont-open' >\n<div class='template-page content  av-content-small alpha units'>\n<div class='post-entry post-entry-type-page post-entry-19112'>\n<div class='entry-content-wrapper clearfix'>\n<style type=\"text\/css\" data-created_by=\"avia_inline_auto\" id=\"style-css-av-5sveiru-f84f472e3693a0b0dfe0fedb0bcf90f9\">\n.flex_column.av-5sveiru-f84f472e3693a0b0dfe0fedb0bcf90f9{\nborder-radius:0px 0px 0px 0px;\npadding:0px 0px 0px 0px;\n}\n<\/style>\n<div  class='flex_column av-5sveiru-f84f472e3693a0b0dfe0fedb0bcf90f9 av_one_half  avia-builder-el-11  el_before_av_one_half  avia-builder-el-first  first flex_column_div av-zero-column-padding  '     >\n<style type=\"text\/css\" data-created_by=\"avia_inline_auto\" id=\"style-css-av-jtq1m9bs-d249c7739b27b4fdf4518228873a0bb7\">\n.avia-image-container.av-jtq1m9bs-d249c7739b27b4fdf4518228873a0bb7 img.avia_image{\nbox-shadow:none;\n}\n.avia-image-container.av-jtq1m9bs-d249c7739b27b4fdf4518228873a0bb7 .av-image-caption-overlay-center{\ncolor:#ffffff;\n}\n<\/style>\n<div  class='avia-image-container av-jtq1m9bs-d249c7739b27b4fdf4518228873a0bb7 av-styling- avia-align-center  avia-builder-el-12  avia-builder-el-no-sibling '   itemprop=\"image\" itemscope=\"itemscope\" itemtype=\"https:\/\/schema.org\/ImageObject\" >\n<div class=\"avia-image-container-inner\">\n<div class=\"avia-image-overlay-wrap\"><picture><source srcset=\"https:\/\/www.maderasmenur.com\/wp-content\/uploads\/cama-balinesa-negra.webp 600w,https:\/\/www.maderasmenur.com\/wp-content\/uploads\/cama-balinesa-negra-300x194.webp 300w,https:\/\/www.maderasmenur.com\/wp-content\/uploads\/cama-balinesa-negra-450x290.webp 450w\" sizes=\"(max-width: 600px) 100vw, 600px\" type=\"image\/webp\"><img src=\"https:\/\/www.maderasmenur.com\/wp-content\/uploads\/cama-balinesa-negra.jpg\" height=\"387\" width=\"600\" srcset=\"https:\/\/www.maderasmenur.com\/wp-content\/uploads\/cama-balinesa-negra.jpg 600w, https:\/\/www.maderasmenur.com\/wp-content\/uploads\/cama-balinesa-negra-300x194.jpg 300w, https:\/\/www.maderasmenur.com\/wp-content\/uploads\/cama-balinesa-negra-450x290.jpg 450w\" sizes=\"(max-width: 600px) 100vw, 600px\" class=\"sp-no-webp sp-no-webp sp-no-webp sp-no-webp sp-no-webp wp-image-13368 avia-img-lazy-loading-not-13368 avia_image  sp-no-webp\" alt=\"Cama balinesa para jardin\" decoding=\"async\" fetchpriority=\"high\" title=\"cama-balinesa-negra\" itemprop=\"thumbnailUrl\"  > <\/picture><\/div>\n<\/div>\n<\/div>\n<\/div>\n<style type=\"text\/css\" data-created_by=\"avia_inline_auto\" id=\"style-css-av-650xz8q-47064b6998fb0484dd14b7bfd0555ad9\">\n.flex_column.av-650xz8q-47064b6998fb0484dd14b7bfd0555ad9{\nborder-radius:0px 0px 0px 0px;\npadding:0px 0px 0px 0px;\n}\n<\/style>\n<div  class='flex_column av-650xz8q-47064b6998fb0484dd14b7bfd0555ad9 av_one_half  avia-builder-el-13  el_after_av_one_half  avia-builder-el-last  flex_column_div av-zero-column-padding  '     >\n<section  class='av_textblock_section av-jtptksx3-8b8a18081c198300369a31fa9035aefd '   itemscope=\"itemscope\" itemtype=\"https:\/\/schema.org\/CreativeWork\" >\n<div class='avia_textblock'  itemprop=\"text\" >\n<p style=\"text-align: left;\"><strong>Troviamo sempre pi\u00f9 letti balinesi nelle spiagge<\/strong>, e per qualsiasi attivit\u00e0 costiera \u00e8 una <strong>scelta sicura per attrarre clienti<\/strong> e offrire loro un servizio incomparabile ed esclusivo. Ma c&#8217;\u00e8 un&#8217;altra buona notizia: <strong>i letti balinesi sono l&#8217;ultima tendenza nella decorazione da esterno<\/strong> e ora puoi installarne uno nel tuo giardino o patio e <strong>creare un angolo chill out<\/strong> unico per questa estate.<\/p>\n<p><strong>Il letto balinese \u00e8 il complemento da giardino ideale da installare all&#8217;aperto questa estate<\/strong>. Noi ci occupiamo di progettarlo e realizzarlo per te. Tu dovrai solo scegliere i migliori occhiali da sole, il libro dell&#8217;estate e prepararti un buon cocktail.<\/p>\n<p>Se a questo aggiungiamo l&#8217;installazione di una <strong>pavimentazione tropicale per la\u00a0piscina<\/strong>\u00a0correremo un grave rischio.\u00a0<strong>Il rischio di non voler mai lasciare il nostro giardino<\/strong>. A chi piace il rischio?<\/p>\n<p style=\"text-align: justify;\">\n<\/div>\n<\/section>\n<\/div>\n<\/div>\n<\/div>\n<\/div>\n<p><!-- close content main div --><\/div>\n<\/div>\n<div id='av_section_3'  class='avia-section av-6tq95je-2b2846be2880454342ad386e4a6b3bcf main_color avia-section-default avia-no-border-styling  avia-builder-el-15  el_after_av_section  el_before_av_section  avia-bg-style-scroll container_wrap sidebar_right'  >\n<div class='container av-section-cont-open' >\n<div class='template-page content  av-content-small alpha units'>\n<div class='post-entry post-entry-type-page post-entry-19112'>\n<div class='entry-content-wrapper clearfix'>\n<style type=\"text\/css\" data-created_by=\"avia_inline_auto\" id=\"style-css-av-650xz8q-2b7bc576d62a471f4535ca51d84b9abc\">\n.flex_column.av-650xz8q-2b7bc576d62a471f4535ca51d84b9abc{\nborder-radius:0px 0px 0px 0px;\npadding:0px 0px 0px 0px;\n}\n<\/style>\n<div  class='flex_column av-650xz8q-2b7bc576d62a471f4535ca51d84b9abc av_one_half  avia-builder-el-16  el_before_av_one_half  avia-builder-el-first  first flex_column_div av-zero-column-padding  '     >\n<section  class='av_textblock_section av-jtptksx3-8b8a18081c198300369a31fa9035aefd '   itemscope=\"itemscope\" itemtype=\"https:\/\/schema.org\/CreativeWork\" >\n<div class='avia_textblock'  itemprop=\"text\" >\n<h2>Struttura dei letti balinesi<\/h2>\n<p>Come possiamo osservare,\u00a0<strong>i letti balinesi costruiti in legno di pino hanno una struttura abbastanza comune<\/strong>\u00a0e caratteristica tra loro. La prima cosa da considerare \u00e8 che il nostro\u00a0<strong>letto non deve essere posizionato direttamente sul suolo<\/strong>, ma deve essere appoggiato su quattro gambe in legno (o struttura simile in legno) a una certa distanza, poich\u00e9 in giardino e in generale all&#8217;esterno \u00e8 normale che si formi umidit\u00e0,\u00a0<strong>che potrebbe danneggiare la qualit\u00e0 del legno e del letto<\/strong>.<\/p>\n<\/div>\n<\/section>\n<\/div>\n<style type=\"text\/css\" data-created_by=\"avia_inline_auto\" id=\"style-css-av-5sveiru-476f21ddd56d8edc084d7a1648edc229\">\n.flex_column.av-5sveiru-476f21ddd56d8edc084d7a1648edc229{\nborder-radius:0px 0px 0px 0px;\npadding:0px 0px 0px 0px;\n}\n<\/style>\n<div  class='flex_column av-5sveiru-476f21ddd56d8edc084d7a1648edc229 av_one_half  avia-builder-el-18  el_after_av_one_half  avia-builder-el-last  flex_column_div av-zero-column-padding  '     >\n<style type=\"text\/css\" data-created_by=\"avia_inline_auto\" id=\"style-css-av-jxvpw27r-955070750c7ad245ea3da0bd44972f44\">\n.avia-image-container.av-jxvpw27r-955070750c7ad245ea3da0bd44972f44 img.avia_image{\nbox-shadow:none;\n}\n.avia-image-container.av-jxvpw27r-955070750c7ad245ea3da0bd44972f44 .av-image-caption-overlay-center{\ncolor:#ffffff;\n}\n<\/style>\n<div  class='avia-image-container av-jxvpw27r-955070750c7ad245ea3da0bd44972f44 av-styling- avia-align-center  avia-builder-el-19  avia-builder-el-no-sibling '   itemprop=\"image\" itemscope=\"itemscope\" itemtype=\"https:\/\/schema.org\/ImageObject\" >\n<div class=\"avia-image-container-inner\">\n<div class=\"avia-image-overlay-wrap\"><picture><source srcset=\"https:\/\/www.maderasmenur.com\/wp-content\/uploads\/cama-balinesa-jardin-1-600x430.webp 600w,https:\/\/www.maderasmenur.com\/wp-content\/uploads\/cama-balinesa-jardin-1-260x185.webp 260w\" sizes=\"(max-width: 600px) 100vw, 600px\" type=\"image\/webp\"><img src=\"https:\/\/www.maderasmenur.com\/wp-content\/uploads\/cama-balinesa-jardin-1-600x430.jpg\" height=\"430\" width=\"600\" srcset=\"https:\/\/www.maderasmenur.com\/wp-content\/uploads\/cama-balinesa-jardin-1-600x430.jpg 600w, https:\/\/www.maderasmenur.com\/wp-content\/uploads\/cama-balinesa-jardin-1-260x185.jpg 260w\" sizes=\"(max-width: 600px) 100vw, 600px\" class=\"sp-no-webp sp-no-webp sp-no-webp sp-no-webp sp-no-webp wp-image-16336 avia-img-lazy-loading-not-16336 avia_image  sp-no-webp\" alt=\"camas-balinesas-para-el-jardin\" decoding=\"async\" fetchpriority=\"high\" title=\"camas-balinesas-para-el-jardin\" itemprop=\"thumbnailUrl\"  > <\/picture><\/div>\n<\/div>\n<\/div>\n<\/div>\n<\/div>\n<\/div>\n<\/div>\n<p><!-- close content main div --><\/div>\n<\/div>\n<div id='av_section_4'  class='avia-section av-6tq95je-176a0b7f491efc515e8e7021c07ad2dc main_color avia-section-default avia-no-border-styling  avia-builder-el-20  el_after_av_section  el_before_av_layout_row  avia-bg-style-scroll container_wrap sidebar_right'  >\n<div class='container av-section-cont-open' >\n<div class='template-page content  av-content-small alpha units'>\n<div class='post-entry post-entry-type-page post-entry-19112'>\n<div class='entry-content-wrapper clearfix'>\n<style type=\"text\/css\" data-created_by=\"avia_inline_auto\" id=\"style-css-av-5sveiru-f84f472e3693a0b0dfe0fedb0bcf90f9\">\n.flex_column.av-5sveiru-f84f472e3693a0b0dfe0fedb0bcf90f9{\nborder-radius:0px 0px 0px 0px;\npadding:0px 0px 0px 0px;\n}\n<\/style>\n<div  class='flex_column av-5sveiru-f84f472e3693a0b0dfe0fedb0bcf90f9 av_one_half  avia-builder-el-21  el_before_av_one_half  avia-builder-el-first  first flex_column_div av-zero-column-padding  '     >\n<style type=\"text\/css\" data-created_by=\"avia_inline_auto\" id=\"style-css-av-jtq1m9bs-aa8847722428c8b46ff0f21397bfb352\">\n.avia-image-container.av-jtq1m9bs-aa8847722428c8b46ff0f21397bfb352 img.avia_image{\nbox-shadow:none;\n}\n.avia-image-container.av-jtq1m9bs-aa8847722428c8b46ff0f21397bfb352 .av-image-caption-overlay-center{\ncolor:#ffffff;\n}\n<\/style>\n<div  class='avia-image-container av-jtq1m9bs-aa8847722428c8b46ff0f21397bfb352 av-styling- avia-align-center  avia-builder-el-22  avia-builder-el-no-sibling '   itemprop=\"image\" itemscope=\"itemscope\" itemtype=\"https:\/\/schema.org\/ImageObject\" >\n<div class=\"avia-image-container-inner\">\n<div class=\"avia-image-overlay-wrap\"><picture><source srcset=\"https:\/\/www.maderasmenur.com\/wp-content\/uploads\/cama-balinesa-playa.webp 600w,https:\/\/www.maderasmenur.com\/wp-content\/uploads\/cama-balinesa-playa-300x243.webp 300w,https:\/\/www.maderasmenur.com\/wp-content\/uploads\/cama-balinesa-playa-495x400.webp 495w,https:\/\/www.maderasmenur.com\/wp-content\/uploads\/cama-balinesa-playa-450x365.webp 450w\" sizes=\"(max-width: 600px) 100vw, 600px\" type=\"image\/webp\"><img src=\"https:\/\/www.maderasmenur.com\/wp-content\/uploads\/cama-balinesa-playa.jpg\" height=\"486\" width=\"600\" srcset=\"https:\/\/www.maderasmenur.com\/wp-content\/uploads\/cama-balinesa-playa.jpg 600w, https:\/\/www.maderasmenur.com\/wp-content\/uploads\/cama-balinesa-playa-300x243.jpg 300w, https:\/\/www.maderasmenur.com\/wp-content\/uploads\/cama-balinesa-playa-495x400.jpg 495w, https:\/\/www.maderasmenur.com\/wp-content\/uploads\/cama-balinesa-playa-450x365.jpg 450w\" sizes=\"(max-width: 600px) 100vw, 600px\" class=\"sp-no-webp sp-no-webp sp-no-webp sp-no-webp sp-no-webp wp-image-16340 avia-img-lazy-loading-not-16340 avia_image  sp-no-webp\" alt=\"\" decoding=\"async\" fetchpriority=\"high\" title=\"camas-balinesas-para-playa\" itemprop=\"thumbnailUrl\"  > <\/picture><\/div>\n<\/div>\n<\/div>\n<\/div>\n<style type=\"text\/css\" data-created_by=\"avia_inline_auto\" id=\"style-css-av-650xz8q-47064b6998fb0484dd14b7bfd0555ad9\">\n.flex_column.av-650xz8q-47064b6998fb0484dd14b7bfd0555ad9{\nborder-radius:0px 0px 0px 0px;\npadding:0px 0px 0px 0px;\n}\n<\/style>\n<div  class='flex_column av-650xz8q-47064b6998fb0484dd14b7bfd0555ad9 av_one_half  avia-builder-el-23  el_after_av_one_half  el_before_av_heading  flex_column_div av-zero-column-padding  '     >\n<section  class='av_textblock_section av-jtptksx3-8b8a18081c198300369a31fa9035aefd '   itemscope=\"itemscope\" itemtype=\"https:\/\/schema.org\/CreativeWork\" >\n<div class='avia_textblock'  itemprop=\"text\" >\n<h2>Il nostro angolo chill out con letti balinesi<\/h2>\n<p>Un&#8217;altra caratteristica comune alla grande maggioranza dei\u00a0<strong>letti balinesi \u00e8 l&#8217;incorporazione di un baldacchino, <\/strong>che di solito \u00e8 <strong>decorado con lenzuola bianche<\/strong>\u00a0che, oltre a darci un tocco\u00a0<strong>chill out in giardino<\/strong>, ci protegge dall&#8217;esposizione diretta al sole.<\/p>\n<p>Questi sono alcuni esempi ma, come sempre,\u00a0<strong>il design lo decidi tu<\/strong> poich\u00e9 ci adattiamo completamente alla tua idea o progetto; puoi comunque dare un&#8217;occhiata ad altri design di letti balinesi nel nostro profilo pinterest.<\/p>\n<p>Ora che l&#8217;estate \u00e8 arrivata, non pensarci pi\u00f9 e crea un\u00a0<strong>angolo di relax assoluto per corpo e mente<\/strong>\u00a0senza uscire di casa con i migliori complementi per il giardino.<\/p>\n<p style=\"text-align: justify;\">\n<\/div>\n<\/section>\n<\/div>\n<style type=\"text\/css\" data-created_by=\"avia_inline_auto\" id=\"style-css-av-ketma6mx-f4f31c2d43d5967b8afcd98ca86e3414\">\n#top .av-special-heading.av-ketma6mx-f4f31c2d43d5967b8afcd98ca86e3414{\npadding-bottom:10px;\n}\nbody .av-special-heading.av-ketma6mx-f4f31c2d43d5967b8afcd98ca86e3414 .av-special-heading-tag .heading-char{\nfont-size:25px;\n}\n.av-special-heading.av-ketma6mx-f4f31c2d43d5967b8afcd98ca86e3414 .av-subheading{\nfont-size:15px;\n}\n<\/style>\n<div  class='av-special-heading av-ketma6mx-f4f31c2d43d5967b8afcd98ca86e3414 av-special-heading-h3 blockquote modern-quote modern-centered  avia-builder-el-25  el_after_av_one_half  avia-builder-el-last  av-linked-heading'>\n<h3 class='av-special-heading-tag '  itemprop=\"headline\"  ><a class=\"av-heading-link\" href=\"https:\/\/www.legnosmenur.com\/it\/contatto\/\" >Chiedi un preventivo senza impegno ADESSO!<\/a><\/h3>\n<div class=\"special-heading-border\">\n<div class=\"special-heading-inner-border\"><\/div>\n<\/div>\n<\/div>\n<\/div>\n<\/div>\n<\/div>\n<p><!-- close content main div --><\/div>\n<\/div>\n<div id='av-layout-grid-2'  class='av-layout-grid-container av-jtq1gq78-072a7b9d57fdbaf68bd6b60f06811b09 entry-content-wrapper main_color av-fixed-cells  avia-builder-el-26  el_after_av_section  avia-builder-el-last  grid-row-not-first  container_wrap sidebar_right'  >\n<style type=\"text\/css\" data-created_by=\"avia_inline_auto\" id=\"style-css-av-jtq1h9kq-35393aac9eb8de4973592be2454d64a4\">\n.flex_cell.av-jtq1h9kq-35393aac9eb8de4973592be2454d64a4{\nvertical-align:top;\nheight:10px;\nmin-height:10px;\nbackground-color:#0059a3;\n}\n.responsive #top #wrap_all .flex_cell.av-jtq1h9kq-35393aac9eb8de4973592be2454d64a4{\npadding:0px 0px 0px 0px !important;\n}\n<\/style>\n<div class='flex_cell av-jtq1h9kq-35393aac9eb8de4973592be2454d64a4 av-gridrow-cell av_one_fifth no_margin  avia-builder-el-27  el_before_av_cell_three_fifth  avia-builder-el-first  av-zero-padding'  >\n<div class='flex_cell_inner'><\/div>\n<\/div>\n<style type=\"text\/css\" data-created_by=\"avia_inline_auto\" id=\"style-css-av-jtq1hu63-1171983912132d948c85eb7d1ee9fbf7\">\n.flex_cell.av-jtq1hu63-1171983912132d948c85eb7d1ee9fbf7{\nvertical-align:top;\nheight:10px;\nmin-height:10px;\nbackground-color:#0169b2;\n}\n.responsive #top #wrap_all .flex_cell.av-jtq1hu63-1171983912132d948c85eb7d1ee9fbf7{\npadding:0px 0px 0px 0px !important;\n}\n<\/style>\n<div class='flex_cell av-jtq1hu63-1171983912132d948c85eb7d1ee9fbf7 av-gridrow-cell av_three_fifth no_margin  avia-builder-el-28  el_after_av_cell_one_fifth  el_before_av_cell_one_fifth  av-zero-padding'  >\n<div class='flex_cell_inner'><\/div>\n<\/div>\n<style type=\"text\/css\" data-created_by=\"avia_inline_auto\" id=\"style-css-av-jtq1icbd-bd148ff8ed7d5821c1fb0b082fde52bd\">\n.flex_cell.av-jtq1icbd-bd148ff8ed7d5821c1fb0b082fde52bd{\nvertical-align:top;\nheight:10px;\nmin-height:10px;\nbackground-color:#2778b2;\n}\n.responsive #top #wrap_all .flex_cell.av-jtq1icbd-bd148ff8ed7d5821c1fb0b082fde52bd{\npadding:0px 0px 0px 0px !important;\n}\n<\/style>\n<div class='flex_cell av-jtq1icbd-bd148ff8ed7d5821c1fb0b082fde52bd av-gridrow-cell av_one_fifth no_margin  avia-builder-el-29  el_after_av_cell_three_fifth  avia-builder-el-last  av-zero-padding'  >\n<div class='flex_cell_inner'><\/div>\n<\/div>\n<\/div>\n","protected":false},"excerpt":{"rendered":"<p>Letti balinesi in legno Il letto da esterno ideale per il tuo giardino, piscina o portico. Vi proponiamo una sfida di immaginazione. Pensate all&#8217;estate, al mare, a una spiaggia caraibica, a un relax totale, a un mojito, a un tramonto, a un libro, a un paio di occhiali da sole. Ora mettete tutto insieme. Qual [&hellip;]<\/p>\n","protected":false},"author":0,"featured_media":19628,"parent":19062,"menu_order":0,"comment_status":"closed","ping_status":"closed","template":"","meta":{"footnotes":""},"class_list":["post-19112","page","type-page","status-publish","has-post-thumbnail","hentry"],"_links":{"self":[{"href":"https:\/\/www.maderasmenur.com\/it\/wp-json\/wp\/v2\/pages\/19112","targetHints":{"allow":["GET"]}}],"collection":[{"href":"https:\/\/www.maderasmenur.com\/it\/wp-json\/wp\/v2\/pages"}],"about":[{"href":"https:\/\/www.maderasmenur.com\/it\/wp-json\/wp\/v2\/types\/page"}],"replies":[{"embeddable":true,"href":"https:\/\/www.maderasmenur.com\/it\/wp-json\/wp\/v2\/comments?post=19112"}],"version-history":[{"count":10,"href":"https:\/\/www.maderasmenur.com\/it\/wp-json\/wp\/v2\/pages\/19112\/revisions"}],"predecessor-version":[{"id":19640,"href":"https:\/\/www.maderasmenur.com\/it\/wp-json\/wp\/v2\/pages\/19112\/revisions\/19640"}],"up":[{"embeddable":true,"href":"https:\/\/www.maderasmenur.com\/it\/wp-json\/wp\/v2\/pages\/19062"}],"wp:featuredmedia":[{"embeddable":true,"href":"https:\/\/www.maderasmenur.com\/it\/wp-json\/wp\/v2\/media\/19628"}],"wp:attachment":[{"href":"https:\/\/www.maderasmenur.com\/it\/wp-json\/wp\/v2\/media?parent=19112"}],"curies":[{"name":"wp","href":"https:\/\/api.w.org\/{rel}","templated":true}]}}