{"id":19116,"date":"2026-03-10T09:01:08","date_gmt":"2026-03-10T08:01:08","guid":{"rendered":"https:\/\/www.maderasmenur.com\/responsabilita-sociale\/"},"modified":"2026-03-26T13:17:38","modified_gmt":"2026-03-26T12:17:38","slug":"responsabilita-sociale-2","status":"publish","type":"page","link":"https:\/\/www.maderasmenur.com\/it\/responsabilita-sociale-2\/","title":{"rendered":"Responsabilita Sociale"},"content":{"rendered":"<div id='av-layout-grid-1'  class='av-layout-grid-container av-jtq1gq78-3288a894c30d24bad094e158633ff0da entry-content-wrapper main_color av-fixed-cells  avia-builder-el-0  el_before_av_section  avia-builder-el-first   container_wrap sidebar_right'  >\n<style type=\"text\/css\" data-created_by=\"avia_inline_auto\" id=\"style-css-av-jtq1h9kq-35393aac9eb8de4973592be2454d64a4\">\n.flex_cell.av-jtq1h9kq-35393aac9eb8de4973592be2454d64a4{\nvertical-align:top;\nheight:20px;\nmin-height:20px;\nbackground-color:#0059a3;\n}\n.responsive #top #wrap_all .flex_cell.av-jtq1h9kq-35393aac9eb8de4973592be2454d64a4{\npadding:0px 0px 0px 0px !important;\n}\n<\/style>\n<div class='flex_cell av-jtq1h9kq-35393aac9eb8de4973592be2454d64a4 av-gridrow-cell av_one_fifth no_margin  avia-builder-el-1  el_before_av_cell_three_fifth  avia-builder-el-first  av-zero-padding'  >\n<div class='flex_cell_inner'><\/div>\n<\/div>\n<style type=\"text\/css\" data-created_by=\"avia_inline_auto\" id=\"style-css-av-jtq1hu63-1171983912132d948c85eb7d1ee9fbf7\">\n.flex_cell.av-jtq1hu63-1171983912132d948c85eb7d1ee9fbf7{\nvertical-align:top;\nheight:20px;\nmin-height:20px;\nbackground-color:#0169b2;\n}\n.responsive #top #wrap_all .flex_cell.av-jtq1hu63-1171983912132d948c85eb7d1ee9fbf7{\npadding:0px 0px 0px 0px !important;\n}\n<\/style>\n<div class='flex_cell av-jtq1hu63-1171983912132d948c85eb7d1ee9fbf7 av-gridrow-cell av_three_fifth no_margin  avia-builder-el-2  el_after_av_cell_one_fifth  el_before_av_cell_one_fifth  av-zero-padding'  >\n<div class='flex_cell_inner'>\n<style type=\"text\/css\" data-created_by=\"avia_inline_auto\" id=\"style-css-av-k2uetihs-7be31773cb7f96ca7ff2712161ff4878\">\n#top .av-special-heading.av-k2uetihs-7be31773cb7f96ca7ff2712161ff4878{\npadding-bottom:10px;\ncolor:#ffffff;\n}\nbody .av-special-heading.av-k2uetihs-7be31773cb7f96ca7ff2712161ff4878 .av-special-heading-tag .heading-char{\nfont-size:25px;\n}\n.av-special-heading.av-k2uetihs-7be31773cb7f96ca7ff2712161ff4878 .special-heading-inner-border{\nborder-color:#ffffff;\n}\n.av-special-heading.av-k2uetihs-7be31773cb7f96ca7ff2712161ff4878 .av-subheading{\nfont-size:15px;\n}\n<\/style>\n<div  class='av-special-heading av-k2uetihs-7be31773cb7f96ca7ff2712161ff4878 av-special-heading-h1 custom-color-heading blockquote modern-quote modern-centered  avia-builder-el-3  avia-builder-el-no-sibling '>\n<h1 class='av-special-heading-tag '  itemprop=\"headline\"  >Responsabilit\u00e0 sociale<\/h1>\n<div class=\"special-heading-border\">\n<div class=\"special-heading-inner-border\"><\/div>\n<\/div>\n<\/div>\n<\/div>\n<\/div>\n<style type=\"text\/css\" data-created_by=\"avia_inline_auto\" id=\"style-css-av-jtq1icbd-bd148ff8ed7d5821c1fb0b082fde52bd\">\n.flex_cell.av-jtq1icbd-bd148ff8ed7d5821c1fb0b082fde52bd{\nvertical-align:top;\nheight:20px;\nmin-height:20px;\nbackground-color:#2778b2;\n}\n.responsive #top #wrap_all .flex_cell.av-jtq1icbd-bd148ff8ed7d5821c1fb0b082fde52bd{\npadding:0px 0px 0px 0px !important;\n}\n<\/style>\n<div class='flex_cell av-jtq1icbd-bd148ff8ed7d5821c1fb0b082fde52bd av-gridrow-cell av_one_fifth no_margin  avia-builder-el-4  el_after_av_cell_three_fifth  avia-builder-el-last  av-zero-padding'  >\n<div class='flex_cell_inner'><\/div>\n<\/div>\n<\/div>\n<style type=\"text\/css\" data-created_by=\"avia_inline_auto\" id=\"style-css-av-6tq95je-89c86a640ba22d734ac4648cb5040a42\">\n.avia-section.av-6tq95je-89c86a640ba22d734ac4648cb5040a42{\nbackground-color:#ffffff;\nbackground-image:unset;\n}\n<\/style>\n<div id='av_section_1'  class='avia-section av-6tq95je-89c86a640ba22d734ac4648cb5040a42 main_color avia-section-default avia-no-border-styling  avia-builder-el-5  el_after_av_layout_row  avia-builder-el-last  avia-bg-style-scroll container_wrap sidebar_right'  >\n<div class='container av-section-cont-open' >\n<div class='template-page content  av-content-small alpha units'>\n<div class='post-entry post-entry-type-page post-entry-19116'>\n<div class='entry-content-wrapper clearfix'>\n<style type=\"text\/css\" data-created_by=\"avia_inline_auto\" id=\"style-css-av-650xz8q-2b7bc576d62a471f4535ca51d84b9abc\">\n.flex_column.av-650xz8q-2b7bc576d62a471f4535ca51d84b9abc{\nborder-radius:0px 0px 0px 0px;\npadding:0px 0px 0px 0px;\n}\n<\/style>\n<div  class='flex_column av-650xz8q-2b7bc576d62a471f4535ca51d84b9abc av_one_third  avia-builder-el-6  el_before_av_one_third  avia-builder-el-first  first flex_column_div av-zero-column-padding  '     >\n<article  class='iconbox iconbox_top av-k3o75ijv-06a20efb32a39248304a799578537e93  avia-builder-el-7  avia-builder-el-no-sibling  main_color'  itemscope=\"itemscope\" itemtype=\"https:\/\/schema.org\/CreativeWork\" >\n<div class=\"iconbox_content\">\n<header class=\"entry-content-header\" aria-label=\"Icon: ISO 9001\">\n<div class=\"iconbox_icon heading-color\" aria-hidden='true' data-av_icon='\ue8c7' data-av_iconfont='entypo-fontello'><\/div>\n<h3 class='iconbox_content_title '  itemprop=\"headline\" >ISO 9001<\/h3>\n<\/header>\n<div class='iconbox_content_container '  itemprop=\"text\" >\n<p>Con la certificazione ISO 9001 garantiamo l&#8217;impiego di una sistematica di lavoro che ricerca l&#8217;eccellenza nella qualit\u00e0 dei nostri prodotti e servizi, fondamentale per raggiungere la massima soddisfazione dei nostri clienti.<\/p>\n<p><a href=\"https:\/\/www.legnosmenur.com\/wp-content\/uploads\/ISO_9001-Y-14001.pdf\"><img loading=\"lazy\" decoding=\"async\" class=\"size-medium wp-image-18925 aligncenter\" src=\"https:\/\/www.legnosmenur.com\/wp-content\/uploads\/iso9001-280x300.jpg\" alt=\"\" width=\"280\" height=\"300\" srcset=\"https:\/\/www.maderasmenur.com\/wp-content\/uploads\/iso9001-280x300.jpg 280w, https:\/\/www.maderasmenur.com\/wp-content\/uploads\/iso9001-962x1030.jpg 962w, https:\/\/www.maderasmenur.com\/wp-content\/uploads\/iso9001-768x822.jpg 768w, https:\/\/www.maderasmenur.com\/wp-content\/uploads\/iso9001-1435x1536.jpg 1435w, https:\/\/www.maderasmenur.com\/wp-content\/uploads\/iso9001-1402x1500.jpg 1402w, https:\/\/www.maderasmenur.com\/wp-content\/uploads\/iso9001-659x705.jpg 659w, https:\/\/www.maderasmenur.com\/wp-content\/uploads\/iso9001.jpg 1495w\" sizes=\"auto, (max-width: 280px) 100vw, 280px\" \/><\/a><\/p>\n<\/div>\n<\/div>\n<footer class=\"entry-footer\"><\/footer>\n<\/article>\n<\/div>\n<style type=\"text\/css\" data-created_by=\"avia_inline_auto\" id=\"style-css-av-650xz8q-47064b6998fb0484dd14b7bfd0555ad9\">\n.flex_column.av-650xz8q-47064b6998fb0484dd14b7bfd0555ad9{\nborder-radius:0px 0px 0px 0px;\npadding:0px 0px 0px 0px;\n}\n<\/style>\n<div  class='flex_column av-650xz8q-47064b6998fb0484dd14b7bfd0555ad9 av_one_third  avia-builder-el-8  el_after_av_one_third  el_before_av_one_third  flex_column_div av-zero-column-padding  '     >\n<article  class='iconbox iconbox_top av-k3o75ijv-32c1ac4ec76734c84722f40bed2b6a60  avia-builder-el-9  avia-builder-el-no-sibling  main_color'  itemscope=\"itemscope\" itemtype=\"https:\/\/schema.org\/CreativeWork\" >\n<div class=\"iconbox_content\">\n<header class=\"entry-content-header\" aria-label=\"Icon: ISO 14001\">\n<div class=\"iconbox_icon heading-color\" aria-hidden='true' data-av_icon='\ue8b1' data-av_iconfont='entypo-fontello'><\/div>\n<h3 class='iconbox_content_title '  itemprop=\"headline\" >ISO 14001<\/h3>\n<\/header>\n<div class='iconbox_content_container '  itemprop=\"text\" >\n<p>La certificazione ISO 14001 garantisce che Maderas Menur impiega un Sistema di Gestione Ambientale (SGA), integrandosi con la certificazione PEFC, assicurando che ciascuno dei rischi ambientali venga identificato, prioritizzato e gestito quotidianamente.<\/p>\n<p><a href=\"https:\/\/www.legnosmenur.com\/wp-content\/uploads\/ISO_9001-Y-14001.pdf\"><img loading=\"lazy\" decoding=\"async\" class=\"size-medium wp-image-18924 aligncenter\" src=\"https:\/\/www.legnosmenur.com\/wp-content\/uploads\/iso2014-281x300.jpg\" alt=\"\" width=\"281\" height=\"300\" srcset=\"https:\/\/www.maderasmenur.com\/wp-content\/uploads\/iso2014-281x300.jpg 281w, https:\/\/www.maderasmenur.com\/wp-content\/uploads\/iso2014-963x1030.jpg 963w, https:\/\/www.maderasmenur.com\/wp-content\/uploads\/iso2014-768x821.jpg 768w, https:\/\/www.maderasmenur.com\/wp-content\/uploads\/iso2014-1436x1536.jpg 1436w, https:\/\/www.maderasmenur.com\/wp-content\/uploads\/iso2014-1403x1500.jpg 1403w, https:\/\/www.maderasmenur.com\/wp-content\/uploads\/iso2014-659x705.jpg 659w, https:\/\/www.maderasmenur.com\/wp-content\/uploads\/iso2014.jpg 1496w\" sizes=\"auto, (max-width: 281px) 100vw, 281px\" \/><\/a><\/p>\n<\/div>\n<\/div>\n<footer class=\"entry-footer\"><\/footer>\n<\/article>\n<\/div>\n<style type=\"text\/css\" data-created_by=\"avia_inline_auto\" id=\"style-css-av-650xz8q-47064b6998fb0484dd14b7bfd0555ad9\">\n.flex_column.av-650xz8q-47064b6998fb0484dd14b7bfd0555ad9{\nborder-radius:0px 0px 0px 0px;\npadding:0px 0px 0px 0px;\n}\n<\/style>\n<div  class='flex_column av-650xz8q-47064b6998fb0484dd14b7bfd0555ad9 av_one_third  avia-builder-el-10  el_after_av_one_third  avia-builder-el-last  flex_column_div av-zero-column-padding  '     >\n<article  class='iconbox iconbox_top av-k3o75ijv-9b5e6c8ad3b34eee2f17faf189e73568  avia-builder-el-11  avia-builder-el-no-sibling  main_color'  itemscope=\"itemscope\" itemtype=\"https:\/\/schema.org\/CreativeWork\" >\n<div class=\"iconbox_content\">\n<header class=\"entry-content-header\" aria-label=\"Icon: PEFC\">\n<div class=\"iconbox_icon heading-color\" aria-hidden='true' data-av_icon='\ue8b8' data-av_iconfont='entypo-fontello'><\/div>\n<h3 class='iconbox_content_title '  itemprop=\"headline\" >PEFC<\/h3>\n<\/header>\n<div class='iconbox_content_container '  itemprop=\"text\" >\n<p>Questo rigoroso certificato \u00e8 garanzia per i nostri clienti che Maderas Menur effettua acquisti responsabili, contribuendo cos\u00ec alla sostenibilit\u00e0 dell&#8217;ambiente utilizzando legno proveniente da foreste gestite in modo sostenibile.<\/p>\n<p><a href=\"https:\/\/www.legnosmenur.com\/wp-content\/uploads\/pefc-label-pefc14-36-00013-web.png\"><img loading=\"lazy\" decoding=\"async\" class=\"size-medium wp-image-18913 aligncenter\" src=\"https:\/\/www.legnosmenur.com\/wp-content\/uploads\/pefc-label-pefc14-36-00013-web-300x198.png\" alt=\"\" width=\"300\" height=\"198\" srcset=\"https:\/\/www.maderasmenur.com\/wp-content\/uploads\/pefc-label-pefc14-36-00013-web-300x198.png 300w, https:\/\/www.maderasmenur.com\/wp-content\/uploads\/pefc-label-pefc14-36-00013-web-1030x679.png 1030w, https:\/\/www.maderasmenur.com\/wp-content\/uploads\/pefc-label-pefc14-36-00013-web-768x506.png 768w, https:\/\/www.maderasmenur.com\/wp-content\/uploads\/pefc-label-pefc14-36-00013-web-705x465.png 705w, https:\/\/www.maderasmenur.com\/wp-content\/uploads\/pefc-label-pefc14-36-00013-web.png 1329w\" sizes=\"auto, (max-width: 300px) 100vw, 300px\" \/><\/a><\/p>\n<\/div>\n<\/div>\n<footer class=\"entry-footer\"><\/footer>\n<\/article>\n<\/div>\n<\/div>\n<\/div>\n<\/div>\n<p><!-- close content main div --><\/div>\n<\/div>\n<div id='after_section_1'  class='main_color av_default_container_wrap container_wrap sidebar_right'  >\n<div class='container av-section-cont-open' >\n<div class='template-page content  av-content-small alpha units'>\n<div class='post-entry post-entry-type-page post-entry-19116'>\n<div class='entry-content-wrapper clearfix'>\n","protected":false},"excerpt":{"rendered":"<p>Responsabilit\u00e0 sociale ISO 9001 Con la certificazione ISO 9001 garantiamo l&#8217;impiego di una sistematica di lavoro che ricerca l&#8217;eccellenza nella qualit\u00e0 dei nostri prodotti e servizi, fondamentale per raggiungere la massima soddisfazione dei nostri clienti. ISO 14001 La certificazione ISO 14001 garantisce che Maderas Menur impiega un Sistema di Gestione Ambientale (SGA), integrandosi con la [&hellip;]<\/p>\n","protected":false},"author":0,"featured_media":0,"parent":0,"menu_order":0,"comment_status":"closed","ping_status":"closed","template":"","meta":{"footnotes":""},"class_list":["post-19116","page","type-page","status-publish","hentry"],"_links":{"self":[{"href":"https:\/\/www.maderasmenur.com\/it\/wp-json\/wp\/v2\/pages\/19116","targetHints":{"allow":["GET"]}}],"collection":[{"href":"https:\/\/www.maderasmenur.com\/it\/wp-json\/wp\/v2\/pages"}],"about":[{"href":"https:\/\/www.maderasmenur.com\/it\/wp-json\/wp\/v2\/types\/page"}],"replies":[{"embeddable":true,"href":"https:\/\/www.maderasmenur.com\/it\/wp-json\/wp\/v2\/comments?post=19116"}],"version-history":[{"count":3,"href":"https:\/\/www.maderasmenur.com\/it\/wp-json\/wp\/v2\/pages\/19116\/revisions"}],"predecessor-version":[{"id":19581,"href":"https:\/\/www.maderasmenur.com\/it\/wp-json\/wp\/v2\/pages\/19116\/revisions\/19581"}],"wp:attachment":[{"href":"https:\/\/www.maderasmenur.com\/it\/wp-json\/wp\/v2\/media?parent=19116"}],"curies":[{"name":"wp","href":"https:\/\/api.w.org\/{rel}","templated":true}]}}