{"id":19119,"date":"2026-03-10T09:01:08","date_gmt":"2026-03-10T08:01:08","guid":{"rendered":"https:\/\/www.maderasmenur.com\/passerelle-arrotolabili\/"},"modified":"2026-03-12T20:29:21","modified_gmt":"2026-03-12T19:29:21","slug":"passerelle-arrotolabili-2","status":"publish","type":"page","link":"https:\/\/www.maderasmenur.com\/it\/passerelle-arrotolabili-2\/","title":{"rendered":"Passerelle Arrotolabili"},"content":{"rendered":"<div id='av-layout-grid-1'  class='av-layout-grid-container av-jtq1gq78-3288a894c30d24bad094e158633ff0da entry-content-wrapper main_color av-fixed-cells  avia-builder-el-0  el_before_av_section  avia-builder-el-first   container_wrap sidebar_right'  >\n\n<style type=\"text\/css\" data-created_by=\"avia_inline_auto\" id=\"style-css-av-jtq1h9kq-35393aac9eb8de4973592be2454d64a4\">\n.flex_cell.av-jtq1h9kq-35393aac9eb8de4973592be2454d64a4{\nvertical-align:top;\nheight:20px;\nmin-height:20px;\nbackground-color:#0059a3;\n}\n.responsive #top #wrap_all .flex_cell.av-jtq1h9kq-35393aac9eb8de4973592be2454d64a4{\npadding:0px 0px 0px 0px !important;\n}\n<\/style>\n<div class='flex_cell av-jtq1h9kq-35393aac9eb8de4973592be2454d64a4 av-gridrow-cell av_one_fifth no_margin  avia-builder-el-1  el_before_av_cell_three_fifth  avia-builder-el-first  av-zero-padding'  ><div class='flex_cell_inner'><\/div><\/div>\n<style type=\"text\/css\" data-created_by=\"avia_inline_auto\" id=\"style-css-av-jtq1hu63-1171983912132d948c85eb7d1ee9fbf7\">\n.flex_cell.av-jtq1hu63-1171983912132d948c85eb7d1ee9fbf7{\nvertical-align:top;\nheight:20px;\nmin-height:20px;\nbackground-color:#0169b2;\n}\n.responsive #top #wrap_all .flex_cell.av-jtq1hu63-1171983912132d948c85eb7d1ee9fbf7{\npadding:0px 0px 0px 0px !important;\n}\n<\/style>\n<div class='flex_cell av-jtq1hu63-1171983912132d948c85eb7d1ee9fbf7 av-gridrow-cell av_three_fifth no_margin  avia-builder-el-2  el_after_av_cell_one_fifth  el_before_av_cell_one_fifth  av-zero-padding'  ><div class='flex_cell_inner'>\n<style type=\"text\/css\" data-created_by=\"avia_inline_auto\" id=\"style-css-av-k3gxdzd4-0654c0ca27ddd6013714fab18a6ac9c0\">\n#top .av-special-heading.av-k3gxdzd4-0654c0ca27ddd6013714fab18a6ac9c0{\nmargin:15px 0 15px 0;\npadding-bottom:10px;\ncolor:#ffffff;\n}\nbody .av-special-heading.av-k3gxdzd4-0654c0ca27ddd6013714fab18a6ac9c0 .av-special-heading-tag .heading-char{\nfont-size:25px;\n}\n.av-special-heading.av-k3gxdzd4-0654c0ca27ddd6013714fab18a6ac9c0 .special-heading-inner-border{\nborder-color:#ffffff;\n}\n.av-special-heading.av-k3gxdzd4-0654c0ca27ddd6013714fab18a6ac9c0 .av-subheading{\nfont-size:15px;\n}\n<\/style>\n<div  class='av-special-heading av-k3gxdzd4-0654c0ca27ddd6013714fab18a6ac9c0 av-special-heading-h1 custom-color-heading blockquote modern-quote modern-centered  avia-builder-el-3  avia-builder-el-no-sibling '><h1 class='av-special-heading-tag '  itemprop=\"headline\"  >PASARELAS ENROLLABLES<\/h1><div class=\"special-heading-border\"><div class=\"special-heading-inner-border\"><\/div><\/div><\/div>\n<\/div><\/div>\n<style type=\"text\/css\" data-created_by=\"avia_inline_auto\" id=\"style-css-av-jtq1icbd-bd148ff8ed7d5821c1fb0b082fde52bd\">\n.flex_cell.av-jtq1icbd-bd148ff8ed7d5821c1fb0b082fde52bd{\nvertical-align:top;\nheight:20px;\nmin-height:20px;\nbackground-color:#2778b2;\n}\n.responsive #top #wrap_all .flex_cell.av-jtq1icbd-bd148ff8ed7d5821c1fb0b082fde52bd{\npadding:0px 0px 0px 0px !important;\n}\n<\/style>\n<div class='flex_cell av-jtq1icbd-bd148ff8ed7d5821c1fb0b082fde52bd av-gridrow-cell av_one_fifth no_margin  avia-builder-el-4  el_after_av_cell_three_fifth  avia-builder-el-last  av-zero-padding'  ><div class='flex_cell_inner'><\/div><\/div><\/div><div id='av_section_1'  class='avia-section av-309kd30-94b0866777df85918c26cd0a088a0158 main_color avia-section-default avia-no-border-styling  avia-builder-el-5  el_after_av_layout_row  el_before_av_hr  avia-bg-style-scroll container_wrap sidebar_right'  ><div class='container av-section-cont-open' ><div class='template-page content  av-content-small alpha units'><div class='post-entry post-entry-type-page post-entry-19119'><div class='entry-content-wrapper clearfix'>\n\n<style type=\"text\/css\" data-created_by=\"avia_inline_auto\" id=\"style-css-av-5sveiru-f84f472e3693a0b0dfe0fedb0bcf90f9\">\n.flex_column.av-5sveiru-f84f472e3693a0b0dfe0fedb0bcf90f9{\nborder-radius:0px 0px 0px 0px;\npadding:0px 0px 0px 0px;\n}\n<\/style>\n<div  class='flex_column av-5sveiru-f84f472e3693a0b0dfe0fedb0bcf90f9 av_two_third  avia-builder-el-6  el_before_av_one_third  avia-builder-el-first  first flex_column_div av-zero-column-padding  '     ><style type=\"text\/css\" data-created_by=\"avia_inline_auto\" id=\"style-css-av-jxvpw27r-acd085b193be60f3cc9e15d0e6214e8c\">\n.avia-image-container.av-jxvpw27r-acd085b193be60f3cc9e15d0e6214e8c img.avia_image{\nbox-shadow:none;\n}\n.avia-image-container.av-jxvpw27r-acd085b193be60f3cc9e15d0e6214e8c .av-image-caption-overlay-center{\ncolor:#ffffff;\n}\n<\/style>\n<div  class='avia-image-container av-jxvpw27r-acd085b193be60f3cc9e15d0e6214e8c av-styling- avia-align-center  avia-builder-el-7  avia-builder-el-no-sibling '   itemprop=\"image\" itemscope=\"itemscope\" itemtype=\"https:\/\/schema.org\/ImageObject\" ><div class=\"avia-image-container-inner\"><div class=\"avia-image-overlay-wrap\"><img decoding=\"async\" fetchpriority=\"high\" class='wp-image-12247 avia-img-lazy-loading-not-12247 avia_image ' src=\"https:\/\/www.maderasmenur.com\/wp-content\/uploads\/PASARELA-ENRROLLABLE.jpg\" alt='Pasarela enrrollable de madera' title='Pasarela enrrollable de madera'  height=\"387\" width=\"600\"  itemprop=\"thumbnailUrl\" srcset=\"https:\/\/www.maderasmenur.com\/wp-content\/uploads\/PASARELA-ENRROLLABLE.jpg 600w, https:\/\/www.maderasmenur.com\/wp-content\/uploads\/PASARELA-ENRROLLABLE-300x194.jpg 300w, https:\/\/www.maderasmenur.com\/wp-content\/uploads\/PASARELA-ENRROLLABLE-450x290.jpg 450w\" sizes=\"(max-width: 600px) 100vw, 600px\" \/><\/div><\/div><\/div><\/div>\n<style type=\"text\/css\" data-created_by=\"avia_inline_auto\" id=\"style-css-av-248x5x8-9c26d581b16c1bf2c113b2cdc949b49d\">\n.flex_column.av-248x5x8-9c26d581b16c1bf2c113b2cdc949b49d{\nborder-radius:0px 0px 0px 0px;\npadding:0px 0px 0px 0px;\n}\n<\/style>\n<div  class='flex_column av-248x5x8-9c26d581b16c1bf2c113b2cdc949b49d av_one_third  avia-builder-el-8  el_after_av_two_third  avia-builder-el-last  flex_column_div av-zero-column-padding  '     ><p>\n<style type=\"text\/css\" data-created_by=\"avia_inline_auto\" id=\"style-css-av-k36zytvm-b2c6a7c7e7077b02eec87a4d2add675f\">\n#top .av_textblock_section.av-k36zytvm-b2c6a7c7e7077b02eec87a4d2add675f .avia_textblock{\nfont-size:18px;\ncolor:#0a0a0a;\n}\n<\/style>\n<section  class='av_textblock_section av-k36zytvm-b2c6a7c7e7077b02eec87a4d2add675f '   itemscope=\"itemscope\" itemtype=\"https:\/\/schema.org\/CreativeWork\" ><div class='avia_textblock av_inherit_color'  itemprop=\"text\" ><p><strong>Descripci\u00f3n<\/strong><\/p>\n<\/div><\/section><br \/>\n\n<style type=\"text\/css\" data-created_by=\"avia_inline_auto\" id=\"style-css-av-k36zpwls-dc703f015307e1529b9afdda585ba013\">\n#top .av_textblock_section.av-k36zpwls-dc703f015307e1529b9afdda585ba013 .avia_textblock{\nfont-size:14px;\ncolor:#0a0a0a;\n}\n<\/style>\n<section  class='av_textblock_section av-k36zpwls-dc703f015307e1529b9afdda585ba013 '   itemscope=\"itemscope\" itemtype=\"https:\/\/schema.org\/CreativeWork\" ><div class='avia_textblock av_inherit_color'  itemprop=\"text\" ><p style=\"text-align: justify;\">Nuestras pasarelas enrollables de legno se suelen utilizar para accesos donde la fluctuaci\u00f3n de las mareas suelen tapar la arena as\u00ed como para facilitar el acceso a los veh\u00edculos de limpieza. Su capacidad para enrollarse hace que se adapten perfectamente a superficies sinuosas donde otros sistemas m\u00e1s \u201cr\u00edgidos\u201d perder\u00edan estabilidad. Se caracteriza por su f\u00e1cil recogida y colocaci\u00f3n, con el almacenaje del mismo en rollos.<\/p>\n<\/div><\/section><br \/>\n<div  class='togglecontainer av-k36zndo4-0fe16320694e208b31001766029413ff  avia-builder-el-11  el_after_av_textblock  avia-builder-el-last  toggle_close_all' >\n<section class='av_toggle_section av-av_toggle-e3def5eaf9f16461db0be7c58e151978'  itemscope=\"itemscope\" itemtype=\"https:\/\/schema.org\/CreativeWork\" ><div role=\"tablist\" class=\"single_toggle\" data-tags=\"{Tutto} \"  ><p id='toggle-toggle-id-1' data-fake-id='#toggle-id-1' class='toggler  av-title-above '  itemprop=\"headline\"  role='tab' tabindex='0' aria-controls='toggle-id-1' data-slide-speed=\"200\" data-title=\"Materiales\" data-title-open=\"\" data-aria_collapsed=\"Clicca per espandere: Materiales\" data-aria_expanded=\"Fare clic per chiudere: Materiales\">Materiales<span class=\"toggle_icon\"><span class=\"vert_icon\"><\/span><span class=\"hor_icon\"><\/span><\/span><\/p><div id='toggle-id-1' aria-labelledby='toggle-toggle-id-1' role='region' class='toggle_wrap  av-title-above'  ><div class='toggle_content invers-color '  itemprop=\"text\" ><p>El modello de pasarela enrollable de legno contempla como caracter\u00edstica principal, la uni\u00f3n entre duelas mediante cuerda de nylon de alta resistencia a la tracci\u00f3n y la separaci\u00f3n entre las mismas con casquillos de polietileno.<\/p>\n<\/div><\/div><\/div><\/section>\n<section class='av_toggle_section av-av_toggle-0d0e6b9ce9fb2b658d20c5981cb0da88'  itemscope=\"itemscope\" itemtype=\"https:\/\/schema.org\/CreativeWork\" ><div role=\"tablist\" class=\"single_toggle\" data-tags=\"{Tutto} \"  ><p id='toggle-toggle-id-2' data-fake-id='#toggle-id-2' class='toggler  av-title-above '  itemprop=\"headline\"  role='tab' tabindex='0' aria-controls='toggle-id-2' data-slide-speed=\"200\" data-title=\"Dimensiones\" data-title-open=\"\" data-aria_collapsed=\"Clicca per espandere: Dimensiones\" data-aria_expanded=\"Fare clic per chiudere: Dimensiones\">Dimensiones<span class=\"toggle_icon\"><span class=\"vert_icon\"><\/span><span class=\"hor_icon\"><\/span><\/span><\/p><div id='toggle-id-2' aria-labelledby='toggle-toggle-id-2' role='region' class='toggle_wrap  av-title-above'  ><div class='toggle_content invers-color '  itemprop=\"text\" ><p>Disponibles en anchos de 1,2 m, 1,5 m, 1,8 m, etc.<\/p>\n<\/div><\/div><\/div><\/section>\n<section class='av_toggle_section av-av_toggle-11ccfd5d6ca7f00da835c4d45ab08fff'  itemscope=\"itemscope\" itemtype=\"https:\/\/schema.org\/CreativeWork\" ><div role=\"tablist\" class=\"single_toggle\" data-tags=\"{Tutto} \"  ><p id='toggle-toggle-id-3' data-fake-id='#toggle-id-3' class='toggler  activeTitle av-title-above '  itemprop=\"headline\"  role='tab' tabindex='0' aria-controls='toggle-id-3' data-slide-speed=\"200\" data-title=\"Contacto\" data-title-open=\"\" data-aria_collapsed=\"Clicca per espandere: Contacto\" data-aria_expanded=\"Fare clic per chiudere: Contacto\">Contacto<span class=\"toggle_icon\"><span class=\"vert_icon\"><\/span><span class=\"hor_icon\"><\/span><\/span><\/p><div id='toggle-id-3' aria-labelledby='toggle-toggle-id-3' role='region' class='toggle_wrap  active_tc av-title-above' style='display:block;' ><div class='toggle_content invers-color '  itemprop=\"text\" ><p>Para cualquier consulta dir\u00edjete al siguiente <a href=\"\/?page_id=12514\">enlace<\/a> e indica &#8220;Pasarelas enrollables&#8221; en el asunto.<\/p>\n<\/div><\/div><\/div><\/section>\n<\/div><\/p><\/div><\/div><\/div><\/div><!-- close content main div --><\/div><\/div><div id='after_section_1'  class='main_color av_default_container_wrap container_wrap sidebar_right'  ><div class='container av-section-cont-open' ><div class='template-page content  av-content-small alpha units'><div class='post-entry post-entry-type-page post-entry-19119'><div class='entry-content-wrapper clearfix'><div  class='hr av-k379q0v1-53c9ecaa70e1dfed658628fc89abb186 hr-short  avia-builder-el-12  el_after_av_section  avia-builder-el-no-sibling  hr-center'><span class='hr-inner '><span class=\"hr-inner-style\"><\/span><\/span><\/div><\/p>\n","protected":false},"excerpt":{"rendered":"","protected":false},"author":0,"featured_media":0,"parent":0,"menu_order":0,"comment_status":"closed","ping_status":"closed","template":"","meta":{"footnotes":""},"class_list":["post-19119","page","type-page","status-publish","hentry"],"_links":{"self":[{"href":"https:\/\/www.maderasmenur.com\/it\/wp-json\/wp\/v2\/pages\/19119","targetHints":{"allow":["GET"]}}],"collection":[{"href":"https:\/\/www.maderasmenur.com\/it\/wp-json\/wp\/v2\/pages"}],"about":[{"href":"https:\/\/www.maderasmenur.com\/it\/wp-json\/wp\/v2\/types\/page"}],"replies":[{"embeddable":true,"href":"https:\/\/www.maderasmenur.com\/it\/wp-json\/wp\/v2\/comments?post=19119"}],"version-history":[{"count":2,"href":"https:\/\/www.maderasmenur.com\/it\/wp-json\/wp\/v2\/pages\/19119\/revisions"}],"predecessor-version":[{"id":19242,"href":"https:\/\/www.maderasmenur.com\/it\/wp-json\/wp\/v2\/pages\/19119\/revisions\/19242"}],"wp:attachment":[{"href":"https:\/\/www.maderasmenur.com\/it\/wp-json\/wp\/v2\/media?parent=19119"}],"curies":[{"name":"wp","href":"https:\/\/api.w.org\/{rel}","templated":true}]}}