{"id":19123,"date":"2026-03-10T09:01:08","date_gmt":"2026-03-10T08:01:08","guid":{"rendered":"https:\/\/www.maderasmenur.com\/lettini-di-legno\/"},"modified":"2026-03-11T12:48:58","modified_gmt":"2026-03-11T11:48:58","slug":"lettini-di-legno-2","status":"publish","type":"page","link":"https:\/\/www.maderasmenur.com\/it\/lettini-di-legno-2\/","title":{"rendered":"Lettini di Legno"},"content":{"rendered":"<div id='av-layout-grid-1'  class='av-layout-grid-container av-jtq1gq78-3288a894c30d24bad094e158633ff0da entry-content-wrapper main_color av-fixed-cells  avia-builder-el-0  el_before_av_section  avia-builder-el-first   container_wrap sidebar_right'  >\n\n<style type=\"text\/css\" data-created_by=\"avia_inline_auto\" id=\"style-css-av-jtq1h9kq-35393aac9eb8de4973592be2454d64a4\">\n.flex_cell.av-jtq1h9kq-35393aac9eb8de4973592be2454d64a4{\nvertical-align:top;\nheight:20px;\nmin-height:20px;\nbackground-color:#0059a3;\n}\n.responsive #top #wrap_all .flex_cell.av-jtq1h9kq-35393aac9eb8de4973592be2454d64a4{\npadding:0px 0px 0px 0px !important;\n}\n<\/style>\n<div class='flex_cell av-jtq1h9kq-35393aac9eb8de4973592be2454d64a4 av-gridrow-cell av_one_fifth no_margin  avia-builder-el-1  el_before_av_cell_three_fifth  avia-builder-el-first  av-zero-padding'  ><div class='flex_cell_inner'><\/div><\/div>\n<style type=\"text\/css\" data-created_by=\"avia_inline_auto\" id=\"style-css-av-jtq1hu63-1171983912132d948c85eb7d1ee9fbf7\">\n.flex_cell.av-jtq1hu63-1171983912132d948c85eb7d1ee9fbf7{\nvertical-align:top;\nheight:20px;\nmin-height:20px;\nbackground-color:#0169b2;\n}\n.responsive #top #wrap_all .flex_cell.av-jtq1hu63-1171983912132d948c85eb7d1ee9fbf7{\npadding:0px 0px 0px 0px !important;\n}\n<\/style>\n<div class='flex_cell av-jtq1hu63-1171983912132d948c85eb7d1ee9fbf7 av-gridrow-cell av_three_fifth no_margin  avia-builder-el-2  el_after_av_cell_one_fifth  el_before_av_cell_one_fifth  av-zero-padding'  ><div class='flex_cell_inner'>\n<style type=\"text\/css\" data-created_by=\"avia_inline_auto\" id=\"style-css-av-kam8iw48-3eed83df72cedaef4933ae5e45026686\">\n#top .av-special-heading.av-kam8iw48-3eed83df72cedaef4933ae5e45026686{\nmargin:15px 0 15px 0;\npadding-bottom:10px;\ncolor:#ffffff;\n}\nbody .av-special-heading.av-kam8iw48-3eed83df72cedaef4933ae5e45026686 .av-special-heading-tag .heading-char{\nfont-size:25px;\n}\n.av-special-heading.av-kam8iw48-3eed83df72cedaef4933ae5e45026686 .special-heading-inner-border{\nborder-color:#ffffff;\n}\n.av-special-heading.av-kam8iw48-3eed83df72cedaef4933ae5e45026686 .av-subheading{\nfont-size:15px;\n}\n<\/style>\n<div  class='av-special-heading av-kam8iw48-3eed83df72cedaef4933ae5e45026686 av-special-heading-h1 custom-color-heading blockquote modern-quote modern-centered  avia-builder-el-3  avia-builder-el-no-sibling '><h1 class='av-special-heading-tag '  itemprop=\"headline\"  >Tumbonas de legno<\/h1><div class=\"special-heading-border\"><div class=\"special-heading-inner-border\"><\/div><\/div><\/div>\n<\/div><\/div>\n<style type=\"text\/css\" data-created_by=\"avia_inline_auto\" id=\"style-css-av-jtq1icbd-bd148ff8ed7d5821c1fb0b082fde52bd\">\n.flex_cell.av-jtq1icbd-bd148ff8ed7d5821c1fb0b082fde52bd{\nvertical-align:top;\nheight:20px;\nmin-height:20px;\nbackground-color:#2778b2;\n}\n.responsive #top #wrap_all .flex_cell.av-jtq1icbd-bd148ff8ed7d5821c1fb0b082fde52bd{\npadding:0px 0px 0px 0px !important;\n}\n<\/style>\n<div class='flex_cell av-jtq1icbd-bd148ff8ed7d5821c1fb0b082fde52bd av-gridrow-cell av_one_fifth no_margin  avia-builder-el-4  el_after_av_cell_three_fifth  avia-builder-el-last  av-zero-padding'  ><div class='flex_cell_inner'><\/div><\/div>\n<\/div>\n<div id='av_section_1'  class='avia-section av-309kd30-94b0866777df85918c26cd0a088a0158 main_color avia-section-default avia-no-border-styling  avia-builder-el-5  el_after_av_layout_row  avia-builder-el-last  avia-bg-style-scroll container_wrap sidebar_right'  ><div class='container av-section-cont-open' ><div class='template-page content  av-content-small alpha units'><div class='post-entry post-entry-type-page post-entry-19123'><div class='entry-content-wrapper clearfix'>\n\n<style type=\"text\/css\" data-created_by=\"avia_inline_auto\" id=\"style-css-av-2gq4puk-bbcfc723b6a1d9b4f5d592aa6f49e077\">\n.flex_column.av-2gq4puk-bbcfc723b6a1d9b4f5d592aa6f49e077{\nborder-radius:0px 0px 0px 0px;\npadding:0px 0px 0px 0px;\n}\n<\/style>\n<div  class='flex_column av-2gq4puk-bbcfc723b6a1d9b4f5d592aa6f49e077 av_two_third  avia-builder-el-6  el_before_av_one_third  avia-builder-el-first  first flex_column_div av-zero-column-padding  '     ><style type=\"text\/css\" data-created_by=\"avia_inline_auto\" id=\"style-css-av-k36zhccu-863b29921bf10d99c55b668f8bd963a8\">\n#top .avia-gallery.av-k36zhccu-863b29921bf10d99c55b668f8bd963a8 .avia-gallery-thumb a{\nwidth:25%;\n}\n<\/style>\n<div  class='avia-gallery av-k36zhccu-863b29921bf10d99c55b668f8bd963a8 avia_animate_when_visible  avia-builder-el-7  avia-builder-el-no-sibling  animations_off av-slideshow-ui av-loop-manual-endless av-control-hidden av-navigate-arrows av-navigate-dots hover-effect av-control-hidden avia-gallery-1'  itemprop=\"image\" itemscope=\"itemscope\" itemtype=\"https:\/\/schema.org\/ImageObject\" ><meta itemprop=\"contentURL\" content=\"https:\/\/www.maderasmenur.com\/it\/lettini-di-legno-2\/\"><a class='avia-gallery-big fakeLightbox lightbox avia-gallery-big-no-crop-thumb ' href=\"https:\/\/www.maderasmenur.com\/wp-content\/uploads\/tumbonas-de-madera-2.jpg\" data-srcset=\"https:\/\/www.maderasmenur.com\/wp-content\/uploads\/tumbonas-de-madera-2.jpg 1000w, https:\/\/www.maderasmenur.com\/wp-content\/uploads\/tumbonas-de-madera-2-300x169.jpg 300w, https:\/\/www.maderasmenur.com\/wp-content\/uploads\/tumbonas-de-madera-2-768x432.jpg 768w, https:\/\/www.maderasmenur.com\/wp-content\/uploads\/tumbonas-de-madera-2-705x397.jpg 705w, https:\/\/www.maderasmenur.com\/wp-content\/uploads\/tumbonas-de-madera-2-450x253.jpg 450w\" data-sizes=\"(max-width: 1000px) 100vw, 1000px\"  data-onclick='1' title='tumbonas-de-madera-(2)' ><span class='avia-gallery-big-inner'  itemprop=\"thumbnailUrl\" ><img decoding=\"async\" fetchpriority=\"high\" class=\"wp-image-16829 avia-img-lazy-loading-not-16829\"  width=\"845\" height=\"563\" src=\"https:\/\/www.maderasmenur.com\/wp-content\/uploads\/tumbonas-de-madera-2-845x563.jpg\" title='tumbonas-de-madera-(2)' alt='tumbonas de madera' \/><\/span><\/a><div class='avia-gallery-thumb'><a href=\"https:\/\/www.maderasmenur.com\/wp-content\/uploads\/tumbonas-de-madera-2.jpg\" data-srcset=\"https:\/\/www.maderasmenur.com\/wp-content\/uploads\/tumbonas-de-madera-2.jpg 1000w, https:\/\/www.maderasmenur.com\/wp-content\/uploads\/tumbonas-de-madera-2-300x169.jpg 300w, https:\/\/www.maderasmenur.com\/wp-content\/uploads\/tumbonas-de-madera-2-768x432.jpg 768w, https:\/\/www.maderasmenur.com\/wp-content\/uploads\/tumbonas-de-madera-2-705x397.jpg 705w, https:\/\/www.maderasmenur.com\/wp-content\/uploads\/tumbonas-de-madera-2-450x253.jpg 450w\" data-sizes=\"(max-width: 1000px) 100vw, 1000px\" data-rel='gallery-1' data-prev-img='https:\/\/www.maderasmenur.com\/wp-content\/uploads\/tumbonas-de-madera-2-845x563.jpg' class='first_thumb lightbox ' data-onclick='1' title='tumbonas-de-madera-(2)'  itemprop=\"thumbnailUrl\"  ><img decoding=\"async\" fetchpriority=\"high\" class=\"wp-image-16829 avia-img-lazy-loading-not-16829\"   src=\"https:\/\/www.maderasmenur.com\/wp-content\/uploads\/tumbonas-de-madera-2-300x169.jpg\" width=\"300\" height=\"169\"  title='tumbonas-de-madera-(2)' alt='tumbonas de madera' srcset=\"https:\/\/www.maderasmenur.com\/wp-content\/uploads\/tumbonas-de-madera-2-300x169.jpg 300w, https:\/\/www.maderasmenur.com\/wp-content\/uploads\/tumbonas-de-madera-2-768x432.jpg 768w, https:\/\/www.maderasmenur.com\/wp-content\/uploads\/tumbonas-de-madera-2-705x397.jpg 705w, https:\/\/www.maderasmenur.com\/wp-content\/uploads\/tumbonas-de-madera-2-450x253.jpg 450w, https:\/\/www.maderasmenur.com\/wp-content\/uploads\/tumbonas-de-madera-2.jpg 1000w\" sizes=\"(max-width: 300px) 100vw, 300px\" \/><div class='big-prev-fake'><img decoding=\"async\" loading=\"lazy\" class=\"wp-image-16829 avia-img-lazy-loading-16829\"  width=\"845\" height=\"563\" src=\"https:\/\/www.maderasmenur.com\/wp-content\/uploads\/tumbonas-de-madera-2-845x563.jpg\" title='tumbonas-de-madera-(2)' alt='tumbonas de madera' \/><\/div><\/a><a href=\"https:\/\/www.maderasmenur.com\/wp-content\/uploads\/tumbonas-de-madera-4.jpg\" data-srcset=\"https:\/\/www.maderasmenur.com\/wp-content\/uploads\/tumbonas-de-madera-4.jpg 1000w, https:\/\/www.maderasmenur.com\/wp-content\/uploads\/tumbonas-de-madera-4-300x169.jpg 300w, https:\/\/www.maderasmenur.com\/wp-content\/uploads\/tumbonas-de-madera-4-768x432.jpg 768w, https:\/\/www.maderasmenur.com\/wp-content\/uploads\/tumbonas-de-madera-4-705x397.jpg 705w, https:\/\/www.maderasmenur.com\/wp-content\/uploads\/tumbonas-de-madera-4-450x253.jpg 450w\" data-sizes=\"(max-width: 1000px) 100vw, 1000px\" data-rel='gallery-1' data-prev-img='https:\/\/www.maderasmenur.com\/wp-content\/uploads\/tumbonas-de-madera-4-845x563.jpg' class='lightbox ' data-onclick='2' title='Tumbonas de madera'  itemprop=\"thumbnailUrl\"  ><img decoding=\"async\" fetchpriority=\"high\" class=\"wp-image-16833 avia-img-lazy-loading-not-16833\"   src=\"https:\/\/www.maderasmenur.com\/wp-content\/uploads\/tumbonas-de-madera-4-300x169.jpg\" width=\"300\" height=\"169\"  title='Tumbonas de madera' alt='tumbona madera' srcset=\"https:\/\/www.maderasmenur.com\/wp-content\/uploads\/tumbonas-de-madera-4-300x169.jpg 300w, https:\/\/www.maderasmenur.com\/wp-content\/uploads\/tumbonas-de-madera-4-768x432.jpg 768w, https:\/\/www.maderasmenur.com\/wp-content\/uploads\/tumbonas-de-madera-4-705x397.jpg 705w, https:\/\/www.maderasmenur.com\/wp-content\/uploads\/tumbonas-de-madera-4-450x253.jpg 450w, https:\/\/www.maderasmenur.com\/wp-content\/uploads\/tumbonas-de-madera-4.jpg 1000w\" sizes=\"(max-width: 300px) 100vw, 300px\" \/><div class='big-prev-fake'><img decoding=\"async\" loading=\"lazy\" class=\"wp-image-16833 avia-img-lazy-loading-16833\"  width=\"845\" height=\"563\" src=\"https:\/\/www.maderasmenur.com\/wp-content\/uploads\/tumbonas-de-madera-4-845x563.jpg\" title='Tumbonas de madera' alt='tumbona madera' \/><\/div><\/a><a href=\"https:\/\/www.maderasmenur.com\/wp-content\/uploads\/tumbona-de-madera-1.jpg\" data-srcset=\"https:\/\/www.maderasmenur.com\/wp-content\/uploads\/tumbona-de-madera-1.jpg 1000w, https:\/\/www.maderasmenur.com\/wp-content\/uploads\/tumbona-de-madera-1-300x225.jpg 300w, https:\/\/www.maderasmenur.com\/wp-content\/uploads\/tumbona-de-madera-1-768x576.jpg 768w, https:\/\/www.maderasmenur.com\/wp-content\/uploads\/tumbona-de-madera-1-705x529.jpg 705w, https:\/\/www.maderasmenur.com\/wp-content\/uploads\/tumbona-de-madera-1-450x338.jpg 450w\" data-sizes=\"(max-width: 1000px) 100vw, 1000px\" data-rel='gallery-1' data-prev-img='https:\/\/www.maderasmenur.com\/wp-content\/uploads\/tumbona-de-madera-1-845x684.jpg' class='lightbox ' data-onclick='3' title='tumbona-de-madera-(1)'  itemprop=\"thumbnailUrl\"  ><img decoding=\"async\" fetchpriority=\"high\" class=\"wp-image-16820 avia-img-lazy-loading-not-16820\"   src=\"https:\/\/www.maderasmenur.com\/wp-content\/uploads\/tumbona-de-madera-1-300x225.jpg\" width=\"300\" height=\"225\"  title='tumbona-de-madera-(1)' alt='tumbona de madera' srcset=\"https:\/\/www.maderasmenur.com\/wp-content\/uploads\/tumbona-de-madera-1-300x225.jpg 300w, https:\/\/www.maderasmenur.com\/wp-content\/uploads\/tumbona-de-madera-1-768x576.jpg 768w, https:\/\/www.maderasmenur.com\/wp-content\/uploads\/tumbona-de-madera-1-705x529.jpg 705w, https:\/\/www.maderasmenur.com\/wp-content\/uploads\/tumbona-de-madera-1-450x338.jpg 450w, https:\/\/www.maderasmenur.com\/wp-content\/uploads\/tumbona-de-madera-1.jpg 1000w\" sizes=\"(max-width: 300px) 100vw, 300px\" \/><div class='big-prev-fake'><img decoding=\"async\" loading=\"lazy\" class=\"wp-image-16820 avia-img-lazy-loading-16820\"  width=\"845\" height=\"684\" src=\"https:\/\/www.maderasmenur.com\/wp-content\/uploads\/tumbona-de-madera-1-845x684.jpg\" title='tumbona-de-madera-(1)' alt='tumbona de madera' srcset=\"https:\/\/www.maderasmenur.com\/wp-content\/uploads\/tumbona-de-madera-1-845x684.jpg 845w, https:\/\/www.maderasmenur.com\/wp-content\/uploads\/tumbona-de-madera-1-495x400.jpg 495w\" sizes=\"auto, (max-width: 845px) 100vw, 845px\" \/><\/div><\/a><\/div><\/div><\/div>\n<style type=\"text\/css\" data-created_by=\"avia_inline_auto\" id=\"style-css-av-248x5x8-9c26d581b16c1bf2c113b2cdc949b49d\">\n.flex_column.av-248x5x8-9c26d581b16c1bf2c113b2cdc949b49d{\nborder-radius:0px 0px 0px 0px;\npadding:0px 0px 0px 0px;\n}\n<\/style>\n<div  class='flex_column av-248x5x8-9c26d581b16c1bf2c113b2cdc949b49d av_one_third  avia-builder-el-8  el_after_av_two_third  avia-builder-el-last  flex_column_div av-zero-column-padding  '     ><p>\n<style type=\"text\/css\" data-created_by=\"avia_inline_auto\" id=\"style-css-av-kam8lmlo-8e6fd75c684a4c6a5a6edbf1f90648d0\">\n#top .av-special-heading.av-kam8lmlo-8e6fd75c684a4c6a5a6edbf1f90648d0{\npadding-bottom:10px;\n}\nbody .av-special-heading.av-kam8lmlo-8e6fd75c684a4c6a5a6edbf1f90648d0 .av-special-heading-tag .heading-char{\nfont-size:25px;\n}\n.av-special-heading.av-kam8lmlo-8e6fd75c684a4c6a5a6edbf1f90648d0 .av-subheading{\nfont-size:15px;\n}\n<\/style>\n<div  class='av-special-heading av-kam8lmlo-8e6fd75c684a4c6a5a6edbf1f90648d0 av-special-heading-h2  avia-builder-el-9  el_before_av_textblock  avia-builder-el-first '><h2 class='av-special-heading-tag '  itemprop=\"headline\"  > Tumbonas de legno ideales para tu jard\u00edn o playa<\/h2><div class=\"special-heading-border\"><div class=\"special-heading-inner-border\"><\/div><\/div><\/div><br \/>\n\n<style type=\"text\/css\" data-created_by=\"avia_inline_auto\" id=\"style-css-av-k36zpwls-dc703f015307e1529b9afdda585ba013\">\n#top .av_textblock_section.av-k36zpwls-dc703f015307e1529b9afdda585ba013 .avia_textblock{\nfont-size:14px;\ncolor:#0a0a0a;\n}\n<\/style>\n<section  class='av_textblock_section av-k36zpwls-dc703f015307e1529b9afdda585ba013 '   itemscope=\"itemscope\" itemtype=\"https:\/\/schema.org\/CreativeWork\" ><div class='avia_textblock av_inherit_color'  itemprop=\"text\" ><p>Nuestras tumbonas de legno est\u00e1n especialmente dise\u00f1adas para soportar los ambientes m\u00e1s extremos, empleando para ello legno trattato in autoclave clase de uso IV. Adem\u00e1s, toda la torniller\u00eda viene bricomatizada con el objetivo de alargar m\u00e1s a\u00fan su durabilidad.<\/p>\n<\/div><\/section><\/p><\/div><\/div><\/div><\/div><!-- close content main div --><\/div><\/div><div id='after_section_1'  class='main_color av_default_container_wrap container_wrap sidebar_right'  ><div class='container av-section-cont-open' ><div class='template-page content  av-content-small alpha units'><div class='post-entry post-entry-type-page post-entry-19123'><div class='entry-content-wrapper clearfix'>\n","protected":false},"excerpt":{"rendered":"","protected":false},"author":0,"featured_media":0,"parent":0,"menu_order":0,"comment_status":"closed","ping_status":"closed","template":"","meta":{"footnotes":""},"class_list":["post-19123","page","type-page","status-publish","hentry"],"_links":{"self":[{"href":"https:\/\/www.maderasmenur.com\/it\/wp-json\/wp\/v2\/pages\/19123","targetHints":{"allow":["GET"]}}],"collection":[{"href":"https:\/\/www.maderasmenur.com\/it\/wp-json\/wp\/v2\/pages"}],"about":[{"href":"https:\/\/www.maderasmenur.com\/it\/wp-json\/wp\/v2\/types\/page"}],"replies":[{"embeddable":true,"href":"https:\/\/www.maderasmenur.com\/it\/wp-json\/wp\/v2\/comments?post=19123"}],"version-history":[{"count":2,"href":"https:\/\/www.maderasmenur.com\/it\/wp-json\/wp\/v2\/pages\/19123\/revisions"}],"predecessor-version":[{"id":19245,"href":"https:\/\/www.maderasmenur.com\/it\/wp-json\/wp\/v2\/pages\/19123\/revisions\/19245"}],"wp:attachment":[{"href":"https:\/\/www.maderasmenur.com\/it\/wp-json\/wp\/v2\/media?parent=19123"}],"curies":[{"name":"wp","href":"https:\/\/api.w.org\/{rel}","templated":true}]}}