{"id":19132,"date":"2026-03-10T09:02:36","date_gmt":"2026-03-10T08:02:36","guid":{"rendered":"https:\/\/www.maderasmenur.com\/politica-dei-cookie\/"},"modified":"2026-03-26T17:49:21","modified_gmt":"2026-03-26T16:49:21","slug":"politica-dei-cookie","status":"publish","type":"page","link":"https:\/\/www.maderasmenur.com\/it\/politica-dei-cookie\/","title":{"rendered":"Politica dei Cookie"},"content":{"rendered":"<div class=\"flex_column av_one_full  flex_column_div av-zero-column-padding first  avia-builder-el-0  el_before_av_one_full  avia-builder-el-first  \">\n<div class=\"av-special-heading av-special-heading-h2  blockquote modern-quote modern-centered  avia-builder-el-1  avia-builder-el-no-sibling  \">\n<h2 class=\"av-special-heading-tag \">Politica dei Cookie<\/h2>\n<\/div>\n<\/div>\n<div class=\"flex_column av_one_full  flex_column_div av-zero-column-padding first  avia-builder-el-2  el_after_av_one_full  avia-builder-el-last  column-top-margin\">\n<section class=\"av_textblock_section \">\n<div class=\"avia_textblock  \">\n<p>Sul sito web https:\/\/www.maderasmenur.com utilizziamo i cookie per facilitare il rapporto dei visitatori con il nostro contenuto e per consentire la raccolta di statistiche sui visitatori che riceviamo.<\/p>\n<p>In conformit\u00e0 con la Direttiva 2009\/136\/CE, recepita nel nostro ordinamento e seguendo le linee guida dell&#8217;Autorit\u00e0 Garante per la protezione dei dati, procediamo a informarla dettagliatamente sull&#8217;uso dei cookie nel nostro sito web.<\/p>\n<p>I cookie sono piccoli file che vengono salvati nel browser utilizzato da ogni visitatore del nostro sito affinch\u00e9 il server possa ricordare la visita di quell&#8217;utente quando accede nuovamente ai nostri contenuti. Queste informazioni non rivelano la sua identit\u00e0, n\u00e9 alcun dato personale, n\u00e9 accedono ai contenuti memorizzati nel suo PC, ma permettono al nostro sistema di identificarla come un utente specifico che ha gi\u00e0 visitato il sito in precedenza, ha visualizzato determinate pagine, ecc. e inoltre consentono di salvare le sue preferenze personali e informazioni tecniche come le visite effettuate o le pagine specifiche visitate.<\/p>\n<p>Lo scopo dei cookie \u00e8 quello di facilitare all&#8217;Utente un accesso pi\u00f9 rapido ai Servizi selezionati.<\/p>\n<p>Se non desidera che i cookie vengano salvati nel suo browser o preferisce ricevere un&#8217;informazione ogni volta che un cookie richiede di essere installato, pu\u00f2 configurare le sue opzioni di navigazione in modo che ci\u00f2 avvenga. La maggior parte dei browser consente la gestione dei cookie in 3 modi diversi:<\/p>\n<ul>\n<li>I cookie vengono sempre rifiutati;<\/li>\n<li>Il browser chiede all&#8217;utente se desidera installare ogni cookie;<\/li>\n<li>I cookie vengono sempre accettati.<\/li>\n<\/ul>\n<p>Il suo browser pu\u00f2 anche includere la possibilit\u00e0 di selezionare in dettaglio i cookie che desidera vengano installati nel suo computer. In concreto, l&#8217;utente pu\u00f2 normalmente accettare una delle seguenti opzioni:<\/p>\n<ul>\n<li>rifiutare i cookie di determinati domini;<\/li>\n<li>rifiutare i cookie di terze parti;<\/li>\n<li>accettare cookie come non persistenti (vengono eliminati alla chiusura del browser);<\/li>\n<li>consentire al server di creare cookie per un dominio diverso.<\/li>\n<\/ul>\n<p><strong>Per consentire, conoscere, bloccare o eliminare i cookie installati sul suo dispositivo, pu\u00f2 farlo tramite la configurazione delle opzioni del browser installato nel suo computer.<\/strong><\/p>\n<p>Pu\u00f2 trovare informazioni su come configurare i browser pi\u00f9 utilizzati nelle seguenti posizioni:<\/p>\n<ul>\n<li><strong>Internet Explorer<\/strong>: Strumenti &gt; Opzioni Internet &gt; Privacy &gt; Impostazioni. Per ulteriori informazioni, pu\u00f2 consultare il\u00a0<a href=\"http:\/\/windows.microsoft.com\/es-ES\/windows\/support\" target=\"_blank\" rel=\"nofollow noopener noreferrer\">supporto di Microsoft<\/a>\u00a0o la Guida del browser.<\/li>\n<li><strong>Firefox<\/strong>: Strumenti &gt; Opzioni &gt; Privacy &gt; Cronologia &gt; Impostazioni Personalizzate. Per ulteriori informazioni, pu\u00f2 consultare il\u00a0<a href=\"http:\/\/support.mozilla.org\/es\/home\" target=\"_blank\" rel=\"nofollow noopener noreferrer\">supporto di Mozilla<\/a>\u00a0o la Guida del browser.<\/li>\n<li><strong>Chrome<\/strong>: Impostazioni &gt; Mostra impostazioni avanzate &gt; Privacy &gt; Impostazioni contenuti. Per ulteriori informazioni, pu\u00f2 consultare il\u00a0<a href=\"http:\/\/support.google.com\/chrome\/?hl=es\" target=\"_blank\" rel=\"nofollow noopener noreferrer\">supporto di Google<\/a>\u00a0o la Guida del browser.<\/li>\n<li><strong>Safari<\/strong>: Preferenze &gt; Sicurezza. Per ulteriori informazioni, pu\u00f2 consultare il\u00a0<a href=\"http:\/\/www.apple.com\/es\/support\/safari\/\" target=\"_blank\" rel=\"nofollow noopener noreferrer\">soporte de Apple<\/a>\u00a0o la Guida del browser.<\/li>\n<\/ul>\n<p>Respecto de las cookies de terceros, es decir aquellas que son estranei al nostro sito web, non possiamo assumerci la responsabilit\u00e0 del contenuto e della veridicit\u00e0 delle politiche sulla privacy che includono, pertanto le informazioni che le forniamo fanno sempre riferimento alla fonte.<\/p>\n<p>Di seguito la informiamo dettagliatamente dei cookie che possono essere installati dal nostro sito web. En funci\u00f3n de su navegaci\u00f3n podr\u00e1n instalarse todas o s\u00f3lo algunas de ellas.<\/p>\n<div id=\"listadodecookies\">\n<table>\n<tbody>\n<tr align=\"center\">\n<td>Nome<\/td>\n<td>Categoria<\/td>\n<td>Descripci\u00f3n<\/td>\n<td>Propiedad<\/td>\n<td>Duraci\u00f3n<\/td>\n<\/tr>\n<tr id=\"PHPSESSID\" align=\"center\">\n<td>PHPSESSID<\/td>\n<td>Funcionalidad<\/td>\n<td>Esta cookie es usado por el lenguaje de encriptado PHP para permitir que las variables de sesi\u00f3n sean guardadas en el servidor web.<\/td>\n<td>Propia<\/td>\n<td>Finalizaci\u00f3n de la sesi\u00f3n<\/td>\n<\/tr>\n<tr id=\"wordpress_\" align=\"center\">\n<td>wordpress_<\/td>\n<td>Funcionalidad<\/td>\n<td>Se activa durante el login y guarda los detalles de autentificaci\u00f3n.<\/td>\n<td>Propia<\/td>\n<td>1 a\u00f1o<\/td>\n<\/tr>\n<tr id=\"wordpress_logged_in_\" align=\"center\">\n<td>wordpress_logged_in_<\/td>\n<td>Funcionalidad<\/td>\n<td>Se activa durante el login y guarda los detalles de autentificaci\u00f3n.<\/td>\n<td>Propia<\/td>\n<td>1 a\u00f1o<\/td>\n<\/tr>\n<tr id=\"wordpress_test_cookie\" align=\"center\">\n<td>wordpress_test_cookie<\/td>\n<td>Funcionalidad<\/td>\n<td>Se activa durante el login y guarda los detalles de autentificaci\u00f3n.<\/td>\n<td>Propia<\/td>\n<td>1 a\u00f1o<\/td>\n<\/tr>\n<tr id=\"wp-settings-\" align=\"center\">\n<td>wp-settings-<\/td>\n<td>Funcionalidad<\/td>\n<td>Sirve para personalizar la Interfaz de Usuario.<\/td>\n<td>Propia<\/td>\n<td>1 a\u00f1o<\/td>\n<\/tr>\n<tr id=\"wp-settings-time-\" align=\"center\">\n<td>wp-settings-time-<\/td>\n<td>Funcionalidad<\/td>\n<td>Sirve para personalizar la Interfaz de Usuario.<\/td>\n<td>Propia<\/td>\n<td>Finalizaci\u00f3n de la sesi\u00f3n<\/td>\n<\/tr>\n<\/tbody>\n<\/table>\n<\/div>\n<p>Se puede modificar esta Politica dei Cookie en funci\u00f3n de exigencias legislativas, reglamentarias, o con la finalidad de adaptar dicha pol\u00edtica a las instrucciones dictadas por la Agencia Espa\u00f1ola de Protecci\u00f3n de Datos, por ello se aconseja a los Usuarios que la visiten peri\u00f3dicamente.<\/p>\n<p>Cuando se produzcan cambios significativos en esta Politica dei Cookie, se comunicar\u00e1n a los Usuarios bien mediante la web o a trav\u00e9s de correo electr\u00f3nico a los Usuarios registrados.<\/p>\n<\/div>\n<\/section>\n<\/div>\n","protected":false},"excerpt":{"rendered":"<p>Politica dei Cookie Sul sito web https:\/\/www.maderasmenur.com utilizziamo i cookie per facilitare il rapporto dei visitatori con il nostro contenuto e per consentire la raccolta di statistiche sui visitatori che riceviamo. In conformit\u00e0 con la Direttiva 2009\/136\/CE, recepita nel nostro ordinamento e seguendo le linee guida dell&#8217;Autorit\u00e0 Garante per la protezione dei dati, procediamo a [&hellip;]<\/p>\n","protected":false},"author":0,"featured_media":0,"parent":0,"menu_order":0,"comment_status":"closed","ping_status":"closed","template":"","meta":{"footnotes":""},"class_list":["post-19132","page","type-page","status-publish","hentry"],"_links":{"self":[{"href":"https:\/\/www.maderasmenur.com\/it\/wp-json\/wp\/v2\/pages\/19132","targetHints":{"allow":["GET"]}}],"collection":[{"href":"https:\/\/www.maderasmenur.com\/it\/wp-json\/wp\/v2\/pages"}],"about":[{"href":"https:\/\/www.maderasmenur.com\/it\/wp-json\/wp\/v2\/types\/page"}],"replies":[{"embeddable":true,"href":"https:\/\/www.maderasmenur.com\/it\/wp-json\/wp\/v2\/comments?post=19132"}],"version-history":[{"count":7,"href":"https:\/\/www.maderasmenur.com\/it\/wp-json\/wp\/v2\/pages\/19132\/revisions"}],"predecessor-version":[{"id":19657,"href":"https:\/\/www.maderasmenur.com\/it\/wp-json\/wp\/v2\/pages\/19132\/revisions\/19657"}],"wp:attachment":[{"href":"https:\/\/www.maderasmenur.com\/it\/wp-json\/wp\/v2\/media?parent=19132"}],"curies":[{"name":"wp","href":"https:\/\/api.w.org\/{rel}","templated":true}]}}