{"id":19133,"date":"2026-03-10T09:02:36","date_gmt":"2026-03-10T08:02:36","guid":{"rendered":"https:\/\/www.maderasmenur.com\/avvisi-legali\/"},"modified":"2026-03-26T17:49:26","modified_gmt":"2026-03-26T16:49:26","slug":"avvisi-legali","status":"publish","type":"page","link":"https:\/\/www.maderasmenur.com\/it\/avvisi-legali\/","title":{"rendered":"Avvisi Legali"},"content":{"rendered":"<div id=\"clickdatos\">\n<p>Il presente Avviso Legale disciplina le condizioni generali di accesso e utilizzo del sito web accessibile all&#8217;indirizzo URL https:\/\/www.maderasmenur.com (di seguito, il sito web), che MADERAS MENUR S.L. mette a disposizione degli utenti di Internet.<br \/>\nL&#8217;utilizzo del sito web implica l&#8217;accettazione piena e senza riserve di tutte le disposizioni incluse nel presente Avviso Legale. Di conseguenza, l&#8217;utente del sito web deve leggere attentamente il presente Avviso Legale ogni volta che intende utilizzare il sito, poich\u00e9 il testo potrebbe subire modifiche a discrezione del titolare del sito, o a causa di un cambiamento legislativo, giurisprudenziale o nella pratica aziendale.<\/p>\n<h2>1.- TITOLARIT\u00c0 DEL SITO WEB.<\/h2>\n<p>Ragione Sociale dell&#8217;Azienda: MADERAS MENUR S.L.<br \/>\nNome del titolare: PEDRO MENDEZ URBANO<br \/>\nSede legale: POL. INMACULADA NAVE 11<br \/>\nCitt\u00e0: COIN<br \/>\nProvincia: MALAGA<br \/>\nC.P.: 29100<br \/>\nC.I.F.\/D.N.I.: B92068592<br \/>\nTelefono di contatto: 952455920<br \/>\nEmail: admin@legnosmenur.com<br \/>\nDati registrali:<\/p>\n<h2>2.- OGGETTO.<\/h2>\n<p>Il sito web fornisce agli utenti l&#8217;accesso a informazioni e servizi offerti da MADERAS MENUR S.L. a quelle persone od organizzazioni interessate agli stessi.<\/p>\n<h2>3.- ACCESSO E UTILIZZO DEL SITO WEB.<\/h2>\n<p>3.1.- Gratuit\u00e0 dell&#8217;accesso e dell&#8217;utilizzo del sito web.<br \/>\nL&#8217;accesso al sito web \u00e8 gratuito per gli utenti.<br \/>\n3.2.- Registrazione degli utenti.<br \/>\nIn linea generale, l&#8217;accesso e l&#8217;utilizzo del sito non richiedono la previa sottoscrizione o registrazione degli utenti.<\/p>\n<h2>4.- CONTENUTI DEL SITO WEB.<\/h2>\n<p>La lingua utilizzata dal titolare nel sito sar\u00e0 lo spagnolo. MADERAS MENUR S.L. non si assume la responsabilit\u00e0 per la mancata comprensione della lingua del sito da parte dell&#8217;utente, n\u00e9 per le relative conseguenze.<br \/>\nMADERAS MENUR S.L. potr\u00e0 modificare i contenuti senza preavviso, nonch\u00e9 sopprimere e modificarli all&#8217;interno del sito, come pure il modo in cui si accede ad essi, senza alcuna giustificazione e liberamente, senza responsabilit\u00e0e delle conseguenze che potrebbero causare agli utenti.<br \/>\n\u00c8 vietato l&#8217;uso dei contenuti del sito per promuovere, contrattare o divulgare pubblicit\u00e0 o informazioni proprie o di terzi senza l&#8217;autorizzazione di MADERAS MENUR S.L., n\u00e9 trasmettere pubblicit\u00e0 o informazioni utilizzando i servizi o le informazioni messe a disposizione degli utenti, indipendentemente dal fatto che l&#8217;utilizzo sia gratuito o meno.<br \/>\nI link o i collegamenti ipertestuali che terze parti incorporano nelle loro pagine web, diretti a questo sito, saranno per l&#8217;apertura della pagina web completa, senza poter manifestare, direttamente o indirettamente, indicazioni false, inesatte o fuorvianti, n\u00e9 compiere azioni sleali o illecite contro MADERAS MENUR S.L.<\/p>\n<h2>5.- LIMITAZIONE DI RESPONSABILIT\u00c0.<\/h2>\n<p>Sia l&#8217;accesso al sito che l&#8217;uso non autorizzato delle informazioni in esso contenute sono di esclusiva responsabilit\u00e0 di chi lo effettua. MADERAS MENUR S.L. non risponder\u00e0 di alcuna conseguenza, danno o perjuicio que pudieran derivarse de dicho acceso o uso. MADERAS MENUR S.L. no se hace responsable de los errores de seguridad, que se puedan producir ni de los da\u00f1os que puedan causarse al sistema inform\u00e1tico del usuario (hardware y software), o a los ficheros o documentos almacenados en el mismo, como consecuencia de:<br \/>\n\u2013 la presencia de un virus en el ordenador del usuario que sea utilizado para la conexi\u00f3n a los servizi e contenuti del sito,<br \/>\n\u2013 un malfunzionamento del browser,<br \/>\n\u2013 e\/o l&#8217;uso di versioni non aggiornate dello stesso.<br \/>\nMADERAS MENUR S.L. no se hace responsable de la fiabilidad y rapidez de los hiperenlaces que se incorporen en la web para la apertura de otras. MADERAS MENUR S.L. non garantisce l&#8217;utilit\u00e0 di questi link, n\u00e9 si assume responsabilit\u00e0 per i contenuti o servizi ai quali l&#8217;utente pu\u00f2 accedere tramite questi link, n\u00e9 per il buon funzionamento de estas webs.<br \/>\nMADERAS MENUR S.L. no ser\u00e1 responsable de los virus o dem\u00e1s programas inform\u00e1ticos que deterioren o puedan deteriorar los sistemas o equipos inform\u00e1ticos de los usuarios al acceder a su web u otras webs a las que se haya accedido mediante enlaces de esta web.<\/p>\n<h2>6.- EMPLEO DE LA TECNOLOG\ufffd?A \u201cCOOKIE\ufffd?.<\/h2>\n<p>Il sito non utilizza cookie n\u00e9 alcun altro procedimento invisibile di raccolta di informazioni quando l&#8217;utente naviga nel sito, respetando en todo momento la confidencialidad e intimidad del mismo.<br \/>\n*SE SI UTILIZZANO COOKIE CONSULTARE IL COMUNICATO SULL&#8217;USO DEI COOKIE Il sito utilizza cookie, pu\u00f2 consultare la nostra Politica dei Cookie, que respeta en todo momento la confidencialidad e intimidad del mismo.<\/p>\n<h2>7.- PROPIEDAD INTELECTUAL E INDUSTRIAL.<\/h2>\n<p>Son propiedad de MADERAS MENUR S.L., todos los derechos de propiedad industrial e intelectual de la web, as\u00ed como de los contenidos que alberga. Cualquier uso de la web o sus contenidos deber\u00e1 tener un car\u00e1cter exclusivamente particular. Est\u00e1 reservado exclusivamente a \u2026\u2026\u2026., cualquier otro uso que suponga la copia, reproducci\u00f3n, distribuci\u00f3n, transformaci\u00f3n, comunicaci\u00f3n p\u00fablica o cualquier otra acci\u00f3n similar, de todo o parte de los contenidos de la web, por lo que ning\u00fan usuario podr\u00e1 llevar a cabo estas acciones sin la autorizaci\u00f3n previa y por escrito de MADERAS MENUR S.L.<\/p>\n<h2>\u00a08.- POL\ufffd?TICA DE PRIVACIDAD Y PROTECCION DE DATOS<\/h2>\n<p>MADERAS MENUR S.L. garantisce la protezione e la riservatezza dei dati personali, di qualsiasi tipo, forniti dalle nostre aziende clientes de acuerdo con lo dispuesto en la Ley Org\u00e1nica 15\/1999, de 13 de Diciembre de Protecci\u00f3n de Datos de Car\u00e1cter Personal.<br \/>\nTutti i dati forniti dalle nostre aziende clienti a MADERAS MENUR S.L. o a su personal, ser\u00e1n incluidos en un fichero automatizado de datos de car\u00e1cter personal creado y mantenido bajo la responsabilidad de MADERAS MENUR S.L., indispensabili per prestare i servizi richiesti dagli utenti.<br \/>\nI dati forniti saranno trattati ai sensi del Regolamento sulle Misure di Sicurezza (Decreto Reale 1720\/2007 del 21 dicembre), in cste sentido MADERAS MENUR S.L. ha adoptado los niveles de protecci\u00f3n que legalmente se exigen, y ha instalado todas las medidas t\u00e9cnicas a su alcance para evitar la perdida, mal uso, alteraci\u00f3n, acceso no autorizado por terceros. No obstante, el usuario debe ser consciente de que las medidas de seguridad en Internet no son inexpugnables. En caso en que considere oportuno que se cedan sus datos de car\u00e1cter personal a otras entidades, el usuario ser\u00e1 informado de los datos cedidos, de la finalidad del fichero y del nombre y direcci\u00f3n del cesionario, para que de su consentimiento inequ\u00edvoco al respecto.<br \/>\nEn cumplimiento de lo establecido en la RGPD, el usuario podr\u00e1 ejercer sus derechos de acceso, rectificaci\u00f3n, cancelaci\u00f3n y oposici\u00f3n. Per farlo deve contattarci all&#8217;indirizzo admin@maderasmenur.com<\/p>\n<h2>9.- LEGISLAZIONE APPLICABILE E GIURISDIZIONE COMPETENTE.<\/h2>\n<p>El presente Avviso Legale se interpretar\u00e1 y regir\u00e1 de conformidad con la legislaci\u00f3n espa\u00f1ola. MADERAS MENUR S.L. y los usuarios, con renuncia expresa a cualquier otro fuero que pudiera corresponderles, se someten al de los juzgados y tribunales del domicilio del usuario para cualquier controversia que pudiera derivarse del acceso o uso de la web. En el caso de que el usuario tenga su domicilio fuera de Espa\u00f1a, MADERAS MENUR S.L. y el usuario, se someten, con renuncia expresa a cualquier otro fuero, a los juzgados y tribunales del domicilio de MADERAS MENUR S.L.<\/p>\n<\/div>\n","protected":false},"excerpt":{"rendered":"<p>Il presente Avviso Legale disciplina le condizioni generali di accesso e utilizzo del sito web accessibile all&#8217;indirizzo URL https:\/\/www.maderasmenur.com (di seguito, il sito web), che MADERAS MENUR S.L. mette a disposizione degli utenti di Internet. L&#8217;utilizzo del sito web implica l&#8217;accettazione piena e senza riserve di tutte le disposizioni incluse nel presente Avviso Legale. Di [&hellip;]<\/p>\n","protected":false},"author":0,"featured_media":0,"parent":0,"menu_order":0,"comment_status":"closed","ping_status":"closed","template":"","meta":{"footnotes":""},"class_list":["post-19133","page","type-page","status-publish","hentry"],"_links":{"self":[{"href":"https:\/\/www.maderasmenur.com\/it\/wp-json\/wp\/v2\/pages\/19133","targetHints":{"allow":["GET"]}}],"collection":[{"href":"https:\/\/www.maderasmenur.com\/it\/wp-json\/wp\/v2\/pages"}],"about":[{"href":"https:\/\/www.maderasmenur.com\/it\/wp-json\/wp\/v2\/types\/page"}],"replies":[{"embeddable":true,"href":"https:\/\/www.maderasmenur.com\/it\/wp-json\/wp\/v2\/comments?post=19133"}],"version-history":[{"count":6,"href":"https:\/\/www.maderasmenur.com\/it\/wp-json\/wp\/v2\/pages\/19133\/revisions"}],"predecessor-version":[{"id":19658,"href":"https:\/\/www.maderasmenur.com\/it\/wp-json\/wp\/v2\/pages\/19133\/revisions\/19658"}],"wp:attachment":[{"href":"https:\/\/www.maderasmenur.com\/it\/wp-json\/wp\/v2\/media?parent=19133"}],"curies":[{"name":"wp","href":"https:\/\/api.w.org\/{rel}","templated":true}]}}