{"id":19135,"date":"2026-03-10T09:02:36","date_gmt":"2026-03-10T08:02:36","guid":{"rendered":"https:\/\/www.maderasmenur.com\/canale-di-segnalazione\/"},"modified":"2026-03-11T12:32:49","modified_gmt":"2026-03-11T11:32:49","slug":"canale-di-segnalazione","status":"publish","type":"page","link":"https:\/\/www.maderasmenur.com\/it\/canale-di-segnalazione\/","title":{"rendered":"Canale di Segnalazione"},"content":{"rendered":"<section  class='av_textblock_section av-lxiqgmrf-87f5c84e190e35ba5745e806901e521a '   itemscope=\"itemscope\" itemtype=\"https:\/\/schema.org\/CreativeWork\" ><div class='avia_textblock'  itemprop=\"text\" ><p style=\"text-align: justify;\">El cauce de la denuncia se ha creado para dar cumplimiento a lo dispuesto en el C\u00f3digo de Deontolog\u00eda y el Reglamento Interno sobre el tratamiento de la informaci\u00f3n y la prevenci\u00f3n de infracciones y delitos, de conformidad con la Ley 2\/2023, de 20 de febrero, que regula la protecci\u00f3n de las personas que denuncian infracciones de la normativa y la lucha contra la corrupci\u00f3n. Esta herramienta permite a cualquier persona denunciar cualquier incidente, o denunciar cualquier incidente o comportamiento que, de acuerdo con sus criterios, viole el C\u00f3digo General de Conducta, el Reglamento de Seguridad Interna, o, considere que son irregulares, ilegales o criminales.<\/p>\n<p style=\"text-align: justify;\">Este canal es administrado por una persona asignada por la empresa, que tramitar\u00e1 todas las quejas realizadas a trav\u00e9s de la misma, garantizando la confidencialidad del demandante. El canal cumple con todos los requisitos exigidos por el art\u00edculo 24 de la LO 3\/2018, Protecci\u00f3n de Datos y Garant\u00eda de Derechos Digitales, y puede hacerse de forma an\u00f3nima.<\/p>\n<\/div><\/section>\n<section  class='av_textblock_section av-2hbfaq-cb87a44b5ccfc917205ac147117b42f6 '   itemscope=\"itemscope\" itemtype=\"https:\/\/schema.org\/CreativeWork\" ><div class='avia_textblock'  itemprop=\"text\" ><p style=\"text-align: center;\"><iframe loading=\"lazy\" src=\"https:\/\/docs.google.com\/forms\/d\/e\/1FAIpQLSctPxJb2nobWNMPlwcoepQDPJkgqIpPzLFWnXLbK0C5tEleSg\/viewform?embedded=true\" width=\"740\" height=\"3624\" frameborder=\"0\" marginwidth=\"0\" marginheight=\"0\">Cargando\u2026<\/iframe><\/p>\n<\/div><\/section>\n","protected":false},"excerpt":{"rendered":"","protected":false},"author":0,"featured_media":0,"parent":0,"menu_order":0,"comment_status":"closed","ping_status":"closed","template":"","meta":{"footnotes":""},"class_list":["post-19135","page","type-page","status-publish","hentry"],"_links":{"self":[{"href":"https:\/\/www.maderasmenur.com\/it\/wp-json\/wp\/v2\/pages\/19135","targetHints":{"allow":["GET"]}}],"collection":[{"href":"https:\/\/www.maderasmenur.com\/it\/wp-json\/wp\/v2\/pages"}],"about":[{"href":"https:\/\/www.maderasmenur.com\/it\/wp-json\/wp\/v2\/types\/page"}],"replies":[{"embeddable":true,"href":"https:\/\/www.maderasmenur.com\/it\/wp-json\/wp\/v2\/comments?post=19135"}],"version-history":[{"count":1,"href":"https:\/\/www.maderasmenur.com\/it\/wp-json\/wp\/v2\/pages\/19135\/revisions"}],"predecessor-version":[{"id":19189,"href":"https:\/\/www.maderasmenur.com\/it\/wp-json\/wp\/v2\/pages\/19135\/revisions\/19189"}],"wp:attachment":[{"href":"https:\/\/www.maderasmenur.com\/it\/wp-json\/wp\/v2\/media?parent=19135"}],"curies":[{"name":"wp","href":"https:\/\/api.w.org\/{rel}","templated":true}]}}